{"id":5741,"date":"2026-02-17T09:23:58","date_gmt":"2026-02-17T08:23:58","guid":{"rendered":"https:\/\/bal1.hu\/plusz\/?page_id=5741"},"modified":"2026-03-27T22:26:24","modified_gmt":"2026-03-27T21:26:24","slug":"elsosegely","status":"publish","type":"page","link":"https:\/\/bal1.hu\/plusz\/elsosegely\/","title":{"rendered":"Els\u0151seg\u00e9ly"},"content":{"rendered":"\n\n\n\r\n<h3 style=\"text-align: center;\"><span style=\"color: #ff6600;\">KISCSOPORTOS TANTERMI ELS\u0150SEG\u00c9LY TANFOLYAMOK!<\/span><\/h3>\r\n\n\r\n<p style=\"text-align: center;\">H\u00e9tv\u00e9g\u00e9kre szervezett kiscsoportos, intenz\u00edv tanfolyam. Tanfolyam id\u0151tartama \u00e9s d\u00edja: 4 \u00f3ra\/16 000,- Ft.\u00a0<\/p>\r\n\n.\n<p style=\"text-align: center; color: #ff9900;\"><span style=\"font-size: large;\"><strong>\u2193 Foglalj id\u0151ben id\u0151pontot&nbsp;\u2193<\/strong><\/span><\/p>\n<p\u00a0style=\"text-align: center;=\"\" color:=\"\" #ff9900;\"=\"\"><span style=\"font-size: large;\"><strong><\/strong><\/span>\n<\/p\u00a0style=\"text-align:>\n<h3 style=\"text-align: center;\"><iframe src='https:\/\/bal1.booked4.us\/public\/book?CalendarId=1&#038;Culture=hu&#038;Mode=iframe&#038;SchemaName=bal1&#038;ShowStepper=true' style='width:100%; height:600px; border: none; margin: 0; padding: 0;'><\/iframe><\/h3>\n\n\n","protected":false},"excerpt":{"rendered":"","protected":false},"author":1,"featured_media":0,"parent":0,"menu_order":0,"comment_status":"closed","ping_status":"closed","template":"","meta":{"pagelayer_contact_templates":[],"_pagelayer_content":"","footnotes":""},"class_list":["post-5741","page","type-page","status-publish","hentry"],"_links":{"self":[{"href":"https:\/\/bal1.hu\/plusz\/wp-json\/wp\/v2\/pages\/5741","targetHints":{"allow":["GET"]}}],"collection":[{"href":"https:\/\/bal1.hu\/plusz\/wp-json\/wp\/v2\/pages"}],"about":[{"href":"https:\/\/bal1.hu\/plusz\/wp-json\/wp\/v2\/types\/page"}],"author":[{"embeddable":true,"href":"https:\/\/bal1.hu\/plusz\/wp-json\/wp\/v2\/users\/1"}],"replies":[{"embeddable":true,"href":"https:\/\/bal1.hu\/plusz\/wp-json\/wp\/v2\/comments?post=5741"}],"version-history":[{"count":21,"href":"https:\/\/bal1.hu\/plusz\/wp-json\/wp\/v2\/pages\/5741\/revisions"}],"predecessor-version":[{"id":5902,"href":"https:\/\/bal1.hu\/plusz\/wp-json\/wp\/v2\/pages\/5741\/revisions\/5902"}],"wp:attachment":[{"href":"https:\/\/bal1.hu\/plusz\/wp-json\/wp\/v2\/media?parent=5741"}],"curies":[{"name":"wp","href":"https:\/\/api.w.org\/{rel}","templated":true}]}}