{"id":4829,"date":"2025-09-20T22:30:59","date_gmt":"2025-09-20T20:30:59","guid":{"rendered":"https:\/\/bal1.hu\/plusz\/?page_id=4829"},"modified":"2025-09-20T23:45:31","modified_gmt":"2025-09-20T21:45:31","slug":"elektromos-roller-es-kerekpar","status":"publish","type":"page","link":"https:\/\/bal1.hu\/plusz\/elektromos-roller-es-kerekpar\/","title":{"rendered":"Elektromos Roller \u00e9s Ker\u00e9kp\u00e1r?"},"content":{"rendered":"\n\n\nAz ut\u00f3bbi id\u0151ben jelent\u0151sen megn\u00f6vekedett az elektromos rollerekkel \u00e9s ker\u00e9kp\u00e1rokkal k\u00f6zleked\u0151 fiatalok sz\u00e1ma, ami sajnos a balesetek n\u00f6veked\u00e9s\u00e9hez is vezetett. Sz\u00fcl\u0151k\u00e9nt a legfontosabb, hogy meg\u00f3vja gyermek\u00e9t, \u00e9s felk\u00e9sz\u00edtse a biztons\u00e1gos k\u00f6zleked\u00e9sre.\n<p>\n<\/p>\n<p><span style=\"color:#000000;\"><br><\/span><\/p>\n<p><span style=\"color:#000000;\">Ami az elektromos rollert illeti, szem\u00e9ly szerint az a v\u00e9lem\u00e9nyem, hogy ez az eszk\u00f6z fizikai jellemz\u0151i miatt alkalmatlan a k\u00f6z\u00fati forgalomra (ker\u00e9k m\u00e9ret, stabilit\u00e1s) ez\u00e9rt ink\u00e1bb tiltan\u00e1m mint szab\u00e1lyozn\u00e1m, de ha a t\u00f6rv\u00e9nyalkot\u00f3k \u00e9s az \u00e9let nem osztja a v\u00e9lem\u00e9nyemet, akkor legal\u00e1bb a kock\u00e1zatokat pr\u00f3b\u00e1ljuk cs\u00f6kkenteni! <\/span><\/p>\n<p><span style=\"color:#000000;\"><br><\/span><\/p>\n<p><span style=\"color:#000000;\">A fiatalok gyakran nincsenek tiszt\u00e1ban a r\u00e1juk vonatkoz\u00f3 k\u00f6zleked\u00e9si szab\u00e1lyokkal, aminek s\u00falyos k\u00f6vetkezm\u00e9nyei lehetnek. A megfelel\u0151 tud\u00e1s hi\u00e1nya nemcsak a saj\u00e1t testi \u00e9ps\u00e9g\u00fcket vesz\u00e9lyezteti, hanem m\u00e1sok\u00e9t is.\n\nA Bal1 Aut\u00f3siskola pontosan ez\u00e9rt ind\u00edtotta el a gyerekeknek \u00e9s tud\u00e1sukat felfriss\u00edteni v\u00e1gy\u00f3 feln\u0151tteknek sz\u00f3l\u00f3 KRESZ e-learning tanfolyam\u00e1t, ami seg\u00edt a sz\u00fcl\u0151knek abban, hogy felk\u00e9sz\u00edts\u00e9k gyermekeiket, \u00e9s ak\u00e1r saj\u00e1t magukat a biztons\u00e1gos k\u00f6zleked\u00e9sre.\n\nCsal\u00e1di programk\u00e9nt, az egy\u00fctt tanul\u00e1st kapcsolater\u0151s\u00edt\u0151 tev\u00e9kenys\u00e9gg\u00e9 is emelhetj\u00fck! <\/span><\/p>\n<p><span style=\"color:#000000;\"><br><\/span><\/p>\n<p><span style=\"color:#000000;\">A tanfolyam interakt\u00edv \u00e9s szeml\u00e9ltet\u0151 m\u00f3don ismerteti a legfontosabb szab\u00e1lyokat, \u00edgy a gyerekek is elsaj\u00e1t\u00edthatj\u00e1k azokat.\n\nNe hagyja, hogy gyermeke a statisztik\u00e1k r\u00e9sze legyen! A tud\u00e1s a legjobb v\u00e9delem. Biztos\u00edtsa a biztons\u00e1gos k\u00f6zleked\u00e9st a Bal1 Aut\u00f3siskola e-learning tanfolyam\u00e1val!\n<\/span><\/p>\n<p><span style=\"color:#000000;\">\n<\/span><\/p>\n<p><span style=\"color:#000000;\"><br><\/span><\/p>\n<p><span style=\"color:#000000;\">Mit tartalmaz a tanfolyam?<\/span><\/p>\n<p><br><\/p>\n<p><span style=\"color:#000000;\"><\/span>\n<\/p><span style=\"color:#000000;\"><p style=\"text-align: center;\">Intenz\u00edv leck\u00e9ket a k\u00f6zleked\u00e9si szab\u00e1lyokr\u00f3l<\/p><p style=\"text-align: center;\">Gyakorl\u00f3 feladatokat \u00e9s teszteket a tud\u00e1s elm\u00e9ly\u00edt\u00e9s\u00e9hez<\/p><p style=\"text-align: center;\">\u00c9letszer\u0171 p\u00e9ld\u00e1kat a mindennapi k\u00f6zleked\u00e9si helyzetekre<br>Online el\u00e9rhet\u0151s\u00e9get, \u00edgy b\u00e1rhol \u00e9s b\u00e1rmikor tanulhatnak a gyerekek<\/p><\/span><p style=\"text-align: center;\"><\/p>\n<p style=\"text-align: center;\"><br><\/p><ul>\n<\/ul>\nNe v\u00e1rjon, am\u00edg megt\u00f6rt\u00e9nik a baj! Kezdje el ma a felk\u00e9sz\u00edt\u00e9st az orsz\u00e1g b\u00e1rmely telep\u00fcl\u00e9s\u00e9r\u0151l a Bal1 Aut\u00f3siskola e-learning tanfolyam\u00e1val!\n<p><br><\/p>\n<p>\n<\/p>\n<p>\n<\/p>\n<p><span style=\"color:#000000;\">&#8230;\u00e9s m\u00e9g valami! Ker\u00e9kp\u00e1rosok, \u00e9s Rolleresek, \u00e9s persze Sz\u00fcl\u0151k: Fejv\u00e9d\u0151, v\u00e1ll, k\u00f6ny\u00f6k, t\u00e9rd protektorok n\u00e9lk\u00fcl NE! Ezek azok a cikkek, term\u00e9kek ami legyen el\u0151felt\u00e9tele annak, hogy a gyermeke egy\u00e1ltal\u00e1n megkaphassa az \u00e1h\u00edtott rollert vagy ker\u00e9kp\u00e1rt! <\/span><\/p>\n<p><span style=\"color:#000000;\">Ez a tananyag p<strong>ont ugyanennyire kiv\u00e1l\u00f3 azoknak, akik tudatos g\u00e9pj\u00e1rm\u0171vezet\u0151k, de m\u00e1r \u00e9rzik, hogy az \u00e9vek alatt sokat felejtettek, vagy m\u00e1r nem tudt\u00e1k k\u00f6vetni a KRESZ-ben t\u00f6rt\u00e9nt v\u00e1ltoz\u00e1sokat!<\/strong><\/span><\/p>\n<p><br><\/p>\n<p style=\"color: rgb(0, 0, 0);\">Nem hat\u00f3s\u00e1gi tananyag, kateg\u00f3ri\u00e1s vezet\u0151i enged\u00e9ly megszerz\u00e9s\u00e9re nem jogos\u00edt! Ennek ellen\u00e9re ugyanazt a tananyagszintet, \u00e9s egyez\u0151 tesztb\u00e1zist tartalmazza, mint a kateg\u00f3ri\u00e1s k\u00e9pz\u00e9sek! Egyetlen k\u00fcl\u00f6nbs\u00e9g, hogy ennek a tanfolyamnak az elv\u00e9gz\u00e9se nem jogos\u00edt kateg\u00f3ri\u00e1s (AM, A, B, BE, C, stb) elm\u00e9leti vizsga elv\u00e9gz\u00e9s\u00e9re.<\/p>\n<p><span\u00a0style=\"color:#000000;\"><strong><\/strong>\n<\/span\u00a0style=\"color:#000000;\"><\/p>\n<p>\n<\/p>\n<p><br><\/p>\n<p style=\"text-align: center;\"><strong style=\"font-size: large; color: rgb(0, 0, 0);\">A tanfolyam \u00e1ra 28 000,- Ft, 90 nap hozz\u00e1f\u00e9r\u00e9st, \u00e9s 36 rendszerben t\u00f6lt\u00f6tt \u00f3r\u00e1t tartalmaz!<\/strong><\/p>\n<p><br><\/p>\n<p style=\"text-align: center;\"><strong style=\"font-size: x-large;\"><strong style=\"color: rgb(230, 0, 0);\"><span style=\"color: rgb(255, 153, 0); font-size: x-large;\"><a href=\"https:\/\/bal1.hu\/plusz\/kozlekedesre-felkeszito-anyag-es-teszt\/\" style=\"color: rgb(230, 0, 0);\">&gt; BEIRATKOZ\u00c1S &lt;<\/a><\/span>&nbsp;<\/strong> &nbsp;<\/strong><\/p>\n\n\n","protected":false},"excerpt":{"rendered":"","protected":false},"author":1,"featured_media":0,"parent":0,"menu_order":0,"comment_status":"closed","ping_status":"closed","template":"","meta":{"pagelayer_contact_templates":[],"_pagelayer_content":"","footnotes":""},"class_list":["post-4829","page","type-page","status-publish","hentry"],"_links":{"self":[{"href":"https:\/\/bal1.hu\/plusz\/wp-json\/wp\/v2\/pages\/4829","targetHints":{"allow":["GET"]}}],"collection":[{"href":"https:\/\/bal1.hu\/plusz\/wp-json\/wp\/v2\/pages"}],"about":[{"href":"https:\/\/bal1.hu\/plusz\/wp-json\/wp\/v2\/types\/page"}],"author":[{"embeddable":true,"href":"https:\/\/bal1.hu\/plusz\/wp-json\/wp\/v2\/users\/1"}],"replies":[{"embeddable":true,"href":"https:\/\/bal1.hu\/plusz\/wp-json\/wp\/v2\/comments?post=4829"}],"version-history":[{"count":26,"href":"https:\/\/bal1.hu\/plusz\/wp-json\/wp\/v2\/pages\/4829\/revisions"}],"predecessor-version":[{"id":4866,"href":"https:\/\/bal1.hu\/plusz\/wp-json\/wp\/v2\/pages\/4829\/revisions\/4866"}],"wp:attachment":[{"href":"https:\/\/bal1.hu\/plusz\/wp-json\/wp\/v2\/media?parent=4829"}],"curies":[{"name":"wp","href":"https:\/\/api.w.org\/{rel}","templated":true}]}}