{"id":4622,"date":"2025-09-04T20:45:36","date_gmt":"2025-09-04T18:45:36","guid":{"rendered":"https:\/\/bal1.hu\/plusz\/?page_id=4622"},"modified":"2026-03-13T13:55:36","modified_gmt":"2026-03-13T12:55:36","slug":"atiratkozas-autosiskolabol-atiratkozas-kozepiskolabol","status":"publish","type":"page","link":"https:\/\/bal1.hu\/plusz\/atiratkozas-autosiskolabol-atiratkozas-kozepiskolabol\/","title":{"rendered":"\u00c1tiratkoz\u00e1s Aut\u00f3siskol\u00e1b\u00f3l &#8211; \u00c1tiratkoz\u00e1s K\u00f6z\u00e9piskol\u00e1b\u00f3l"},"content":{"rendered":"\n\n\n\r\n<p style=\"font-size: large; color: #000000;\">\u00c1TIRATKOZ\u00c1S M\u00c1S AUT\u00d3SISKOL\u00c1B\u00d3L<\/p>\r\n\n<p><span style=\"color: #000000;\">Iskol\u00e1nkn\u00e1l is, az \u00e1tiratkoz\u00e1snak van egy egyszeri 30 000,- forintos d\u00edja.<\/span><\/p>\n<p><span style=\"color: #000000;\">Amennyiben az \u00e1tiratkoz\u00e1s mellett d\u00f6nt\u00f6tt, a k\u00f6vetkez\u0151ket kell m\u00e9g tennie:<\/span><\/p>\n<p>&nbsp;<\/p>\n<p><span style=\"color: #000000;\">-Ha m\u00e1r egyeztetett az iskol\u00e1nkn\u00e1l is dolgoz\u00f3 oktat\u00f3val, akkor olvasson tov\u00e1bb, ugorjon az 1.) pontra.<\/span><\/p>\n<p><span style=\"color: #000000;\">-Ha m\u00e9g nincs oktat\u00f3ja akivel n\u00e1lunk tudja folytatni, akkor \u00edrjon egy e-mailt az info@bal1.hu c\u00edmre \u00e9s megk\u00fcldj\u00fck az oktat\u00f3i list\u00e1nkat. Amennyiben siker\u00fclt valamelyik oktat\u00f3nkkal meg\u00e1llapodni, \u00e9s tudja \u00d6nt fogadni akkor folytassa az \u00e1tiratkoz\u00e1st, olvasson tov\u00e1bb.<\/span><\/p>\n<p>&nbsp;<\/p>\n<p>&nbsp;<\/p>\n<p><span style=\"color: #000000;\">1.) A jelenlegi aut\u00f3siskol\u00e1j\u00e1t\u00f3l ki kell k\u00e9rnie az \u00fagynevet &#8222;K\u00e9pz\u00e9si Igazol\u00e1st&#8221;. Ez nem egyezik meg az e-tit\u00e1n \u00e1ltal, a tanfolyam befejez\u00e9sekor ki\u00e1ll\u00edtott hasonl\u00f3 nev\u0171 dokumentummal. Az iskola \u00e1ltal ki\u00e1ll\u00edtott K\u00e9pz\u00e9si Igazol\u00e1son elt\u00e9r\u0151 adatok szerepelnek, \u00e9s a jobb fels\u0151 sarokban egy vonalk\u00f3d is tal\u00e1lhat\u00f3.<\/span><\/p>\n<p>&nbsp;<\/p>\n<p><span style=\"color: #000000;\">2.) A Bal1 Aut\u00f3siskola honlapj\u00e1n online ki kell t\u00f6ltenie az \u00faj iskola (Bal1) feln\u0151ttk\u00e9pz\u00e9si szerz\u0151d\u00e9s\u00e9t. Ezt megtal\u00e1lja a <a href=\"https:\/\/bal1.hu\/plusz\/szerzodes-b-kategorias-e-learning-tanfolyamra\/\">&#8222;\u00c1tiratkoz\u00e1s m\u00e1s aut\u00f3siskol\u00e1b\u00f3l&#8221;<\/a> elnevez\u00e9s\u0171 csemp\u00e9n a bal1.hu weboldalunk f\u0151oldal\u00e1n, vagy r\u00e1kattint erre a linkre: <a href=\"https:\/\/bal1.hu\/plusz\/szerzodes-b-kategorias-e-learning-tanfolyamra\/\">https:\/\/bal1.hu\/plusz\/szerzodes-b-kategorias-e-learning-tanfolyamra\/<\/a><\/span><\/p>\n<p><span style=\"color: #000000;\">Az itt tal\u00e1lhat\u00f3 \u0171rlapot k\u00e9rem pontosan t\u00f6ltse ki, az oldal k\u00f6zepe t\u00e1j\u00e1n tal\u00e1l egy leg\u00f6rd\u00fcl\u0151 men\u00fct, ott tudja kiv\u00e1lasztani az &#8222;\u00c1tiratkoz\u00e1s egy\u00e9b iskol\u00e1b\u00f3l&#8221; pontot, majd az oldal alj\u00e1n elfogadni a felt\u00e9teleket, \u00e9s az elk\u00fcld gombra kattintani.Ekkor egy visszaigazol\u00f3 emailben megkapja a rendszert\u0151l a szerz\u0151d\u00e9st, \u00e9s szint\u00e9n ugyanabban az emailben megtal\u00e1lja a fizet\u00e9si linket, ahol vagy bankk\u00e1rty\u00e1val, vagy \u00e1tutal\u00e1ssal kiegyenl\u00edtheti az \u00e1tiratkoz\u00e1si d\u00edjat.<\/span><\/p>\n<p><span style=\"color: #000000;\">3.) Ezut\u00e1n elk\u00e9sz\u00edtj\u00fck a vezet\u00e9si kartonj\u00e1t, amit 2-3 munkanapon bel\u00fcl eljuttatunk v\u00e1lasztott oktat\u00f3j\u00e1hoz, \u00e9s m\u00e1r a vele megbesz\u00e9ltek alapj\u00e1n folytat\u00f3dhat a k\u00e9pz\u00e9s a vezet\u00e9ssel.<\/span><\/p>\n<p>&nbsp;<\/p>\n\r\n<p style=\"color: #000000; font-size: large;\">\u00c1TIRATKOZ\u00c1S A K\u00d6Z\u00c9PISKOLAI RENDSZERB\u0150L<\/p>\r\n\n\r\n<p style=\"color: #000000;\">Sokan \u00e9rdekl\u0151dnek, hogyan folytathatj\u00e1k aut\u00f3siskol\u00e1nkn\u00e1l azok a tanul\u00f3k, akik a KRESZ elm\u00e9leti tanfolyamot k\u00f6z\u00e9piskolai rendszerben v\u00e9gezt\u00e9k el.<\/p>\r\n\n\r\n<p style=\"color: #000000;\">1.) Legfontosabb, hogy csakis azok tudnak \u00e1tiratkozni, akik m\u00e1r sikeres elm\u00e9leti vizsg\u00e1t tettek. Akiknek ez nem siker\u00fclt, sajnos csak \u00faj tanfolyam megkezd\u00e9s\u00e9vel folytathatj\u00e1k az aut\u00f3siskol\u00e1kn\u00e1l. Ha m\u00e1r van sikeres elm\u00e9leti vizsg\u00e1d, akkor a KR\u00c9TA rendszerb\u0151l kell kinyerni a k\u00e9pz\u00e9si igazol\u00e1st. Fontos, hogy <strong><strong><em>NEM A QR K\u00d3DOS IGAZOL\u00c1SRA<\/em><\/strong>\u00a0van sz\u00fcks\u00e9g<\/strong>, hanem a jobb fels\u0151 sarokban vonalk\u00f3ddal ell\u00e1tott &#8222;K\u00e9pz\u00e9si Igazol\u00e1sra&#8221; van sz\u00fcks\u00e9g. (Aki nem tudja hol tal\u00e1lja, nyugodtan ugorjon be a Bal1 Aut\u00f3siskol\u00e1ba \u00fcgyf\u00e9lfogad\u00e1si id\u0151ben, sz\u00edvesen seg\u00edt\u00fcnk, ha be tud l\u00e9pni a Kr\u00e9t\u00e1ba. Valahol ott kell keresni, ahol a tanfolyam iskol\u00e1n k\u00edv\u00fcli folytat\u00e1s\u00e1r\u00f3l van sz\u00f3.)\u00a0<\/p>\r\n\n\r\n<p style=\"color: #000000;\">Ezen a linken pontosabb inform\u00e1ci\u00f3t is tal\u00e1l! <a href=\"https:\/\/tudasbazis.ekreta.hu\/pages\/viewpage.action?pageId=130678801\" target=\"_blank\" rel=\"noopener\">https:\/\/tudasbazis.ekreta.hu\/pages\/viewpage.action?pageId=130678801<\/a><\/p>\r\n\n\r\n<p style=\"color: #000000;\">2.) Ha m\u00e1r a K\u00e9pz\u00e9si Igazol\u00e1s sikeresen let\u00f6lt\u00e9sre ker\u00fclt, azt el kell juttatni az iskol\u00e1nkba, ak\u00e1r email csatolm\u00e1nyk\u00e9nt is.\u00a0<\/p>\r\n\n\r\n<p style=\"color: #000000;\">3.) Ezut\u00e1n m\u00e1r pont \u00fagy kell elj\u00e1rni mintha aut\u00f3siskol\u00e1t v\u00e1ltana valaki, teh\u00e1t a fels\u0151 cikk a m\u00e9rvad\u00f3.\u00a0<\/p>\r\n\n\r\n<p style=\"color: #000000;\">Az \u00e1tiratkoz\u00e1st lass\u00edtja az a t\u00e9ny, hogy a hozz\u00e1nk eljuttatott K\u00e9pz\u00e9si Igazol\u00e1s \u00e1tv\u00e9tele ut\u00e1n ki kell \u00e1ll\u00edtanunk egy befogad\u00f3 nyilatkozatot, amit el kell juttatnunk pap\u00edr alapon a K\u00f6zleked\u00e9si Alkalmass\u00e1gi \u00e9s Vizsgak\u00f6zpontba. Ezut\u00e1n tudjuk v\u00e9gleges\u00edteni az \u00e1tv\u00e9telt.\u00a0<\/p>\r\n\n\r\n<p style=\"font-size: large; color: #000000;\">Minden \u00e1tiratkoz\u00f3nak sz\u00edvesen seg\u00edt\u00fcnk szem\u00e9lyesen is az iskol\u00e1nkban \u00fcgyf\u00e9lfogad\u00e1si id\u0151ben! C\u00edm: 1032 Budapest, B\u00e9csi \u00fat 211. (Pont az \u00f3budai Stop Shoppal szemben)<\/p>\r\n\n\n\n","protected":false},"excerpt":{"rendered":"","protected":false},"author":1,"featured_media":0,"parent":0,"menu_order":0,"comment_status":"closed","ping_status":"closed","template":"","meta":{"pagelayer_contact_templates":[],"_pagelayer_content":"","footnotes":""},"class_list":["post-4622","page","type-page","status-publish","hentry"],"_links":{"self":[{"href":"https:\/\/bal1.hu\/plusz\/wp-json\/wp\/v2\/pages\/4622","targetHints":{"allow":["GET"]}}],"collection":[{"href":"https:\/\/bal1.hu\/plusz\/wp-json\/wp\/v2\/pages"}],"about":[{"href":"https:\/\/bal1.hu\/plusz\/wp-json\/wp\/v2\/types\/page"}],"author":[{"embeddable":true,"href":"https:\/\/bal1.hu\/plusz\/wp-json\/wp\/v2\/users\/1"}],"replies":[{"embeddable":true,"href":"https:\/\/bal1.hu\/plusz\/wp-json\/wp\/v2\/comments?post=4622"}],"version-history":[{"count":52,"href":"https:\/\/bal1.hu\/plusz\/wp-json\/wp\/v2\/pages\/4622\/revisions"}],"predecessor-version":[{"id":5847,"href":"https:\/\/bal1.hu\/plusz\/wp-json\/wp\/v2\/pages\/4622\/revisions\/5847"}],"wp:attachment":[{"href":"https:\/\/bal1.hu\/plusz\/wp-json\/wp\/v2\/media?parent=4622"}],"curies":[{"name":"wp","href":"https:\/\/api.w.org\/{rel}","templated":true}]}}