{"id":4144,"date":"2025-08-31T02:24:06","date_gmt":"2025-08-31T00:24:06","guid":{"rendered":"https:\/\/bal1.hu\/plusz\/contact-2\/"},"modified":"2026-03-27T22:50:58","modified_gmt":"2026-03-27T21:50:58","slug":"contact-2","status":"publish","type":"page","link":"https:\/\/bal1.hu\/plusz\/contact-2\/","title":{"rendered":"Contact"},"content":{"rendered":"\n\n\nKapcsolat\n\n\n\n\n<span style=\"color: rgb(255, 153, 0); font-size: large;\"><p style=\"text-align: center; color: rgb(255, 153, 0);\"><span style=\"color:#000000;\"><\/span><\/p><span style=\"background-color:#ff9900;\"><p style=\"text-align: center; color: rgb(255, 153, 0);\"><span style=\"color:#000000;\"><\/span><\/p><\/span><span style=\"color:#ff9900;\"><span style=\"background-color:#ff9900;\"><p style=\"text-align: center; color: rgb(255, 153, 0);\"><span style=\"\">\u00dcgyf\u00e9lfogad\u00e1si id\u0151pontok<\/span>:<\/p><p style=\"text-align: center;\"><\/p><\/span><p style=\"text-align: center;\"><span style=\"color:#ff9900;\">Kedden:<\/span> <span style=\"color:#ff9900;\">14.00 &#8211; 19.00-ig,<\/span> <span style=\"color:#ff9900;\">P\u00e9nteken 14.00 &#8211; 19.00 -ig<\/span><\/p><\/span><p style=\"text-align: center; color: rgb(0, 0, 0);\"><\/p><\/span><p style=\"text-align: center;\"><\/p>\n\n\n\n\n\n\n\n\n<p style=\"color: rgb(0, 0, 0);\">1032 Budapest, B\u00e9csi \u00fat 211.<\/p>\n\n\n\n\n\n\n<p style=\"text-align: center; color: rgb(0, 0, 0);\">info@bal1.hu<\/p>\n\n\n\n\n\n\n<p style=\"color: rgb(0, 0, 0); text-align: center;\">+36205172068<\/p>\n\n\n\n\n1032 Budapest, B\u00e9csi \u00fat 211.\n\n\n","protected":false},"excerpt":{"rendered":"","protected":false},"author":1,"featured_media":0,"parent":0,"menu_order":0,"comment_status":"closed","ping_status":"closed","template":"","meta":{"pagelayer_contact_templates":[],"_pagelayer_content":"","footnotes":""},"class_list":["post-4144","page","type-page","status-publish","hentry"],"_links":{"self":[{"href":"https:\/\/bal1.hu\/plusz\/wp-json\/wp\/v2\/pages\/4144","targetHints":{"allow":["GET"]}}],"collection":[{"href":"https:\/\/bal1.hu\/plusz\/wp-json\/wp\/v2\/pages"}],"about":[{"href":"https:\/\/bal1.hu\/plusz\/wp-json\/wp\/v2\/types\/page"}],"author":[{"embeddable":true,"href":"https:\/\/bal1.hu\/plusz\/wp-json\/wp\/v2\/users\/1"}],"replies":[{"embeddable":true,"href":"https:\/\/bal1.hu\/plusz\/wp-json\/wp\/v2\/comments?post=4144"}],"version-history":[{"count":23,"href":"https:\/\/bal1.hu\/plusz\/wp-json\/wp\/v2\/pages\/4144\/revisions"}],"predecessor-version":[{"id":5910,"href":"https:\/\/bal1.hu\/plusz\/wp-json\/wp\/v2\/pages\/4144\/revisions\/5910"}],"wp:attachment":[{"href":"https:\/\/bal1.hu\/plusz\/wp-json\/wp\/v2\/media?parent=4144"}],"curies":[{"name":"wp","href":"https:\/\/api.w.org\/{rel}","templated":true}]}}