{"id":4143,"date":"2025-08-31T02:24:06","date_gmt":"2025-08-31T00:24:06","guid":{"rendered":"https:\/\/bal1.hu\/plusz\/home-2\/"},"modified":"2026-04-26T11:35:17","modified_gmt":"2026-04-26T09:35:17","slug":"home-2","status":"publish","type":"page","link":"https:\/\/bal1.hu\/plusz\/","title":{"rendered":"Home"},"content":{"rendered":"\n\n\nBEIRATKOZ\u00c1S ONLINE \u00c9S SZEM\u00c9LYES \u00dcGYINT\u00c9Z\u00c9SSEL IS!\nBAL 1 AUT\u00d3SISKOLA\nB kateg\u00f3ri\u00e1s k\u00e9pz\u00e9sek\n\n\n\n\n\n\nZS\u00c1KBAMACSKA HELYETT MINDENT MUTATUNK\n\n\n<p style=\"font-family:montserrat;font-size:20px;font-weight:600;color:#fff;padding-top:15px;padding-bottom:10px;\">T\u00e1j\u00e9koztat\u00f3<\/p><p style=\"font-family:montserrat;font-size:16px;font-weight:500;color:#fff;padding-bottom:30px;\">\u00e9s v\u00e1llal\u00e1si felt\u00e9telek<\/p>\n\n\n<p style=\"font-family:montserrat;font-size:20px;font-weight:600;color:#fff;padding-top:15px;padding-bottom:10px;\">Szerz\u0151d\u00e9s<\/p><p style=\"font-family:montserrat;font-size:16px;font-weight:500;color:#fff;padding-bottom:30px;\">minta<\/p>\n\n\n<p style=\"font-family:montserrat;font-size:20px;font-weight:600;color:#fff;padding-top:15px;padding-bottom:10px;\">Tananyagcsomagok<\/p><p style=\"font-family:montserrat;font-size:16px;font-weight:500;color:#fff;padding-bottom:30px;\">r\u00e9szletei<\/p>\n\n\n\n\n<p style=\"font-family:montserrat;font-size:20px;font-weight:600;color:#fff;padding-top:15px;padding-bottom:10px;\">Beiratkoz\u00e1s Aj\u00e1nd\u00e9kutalv\u00e1nnyal<\/p><p style=\"font-family:montserrat;font-size:16px;font-weight:500;color:#fff;padding-bottom:30px;\">&gt; ITT &lt;<\/p>\n\n\n<p style=\"font-family:montserrat;font-size:20px;font-weight:600;color:#fff;padding-top:15px;padding-bottom:10px;\">Digit\u00e1lis NFC k\u00e1rty\u00e1k, \u00e9rt\u00e9kel\u0151 k\u00e1rty\u00e1k, stb&#8230;<\/p><p style=\"font-family:montserrat;font-size:16px;font-weight:500;color:#fff;padding-bottom:30px;\">&gt; ITT &lt;<\/p>\n\n\n<p style=\"font-family:montserrat;font-size:20px;font-weight:600;color:#fff;padding-top:15px;padding-bottom:10px;\">\u00d3budai Vizsga\u00fatvonal megtekint\u00e9sek&#8230;<\/p><p style=\"font-family:montserrat;font-size:16px;font-weight:500;color:#fff;padding-bottom:30px;\">&gt; ITT &lt;<\/p>\n\n\n\n\n\n<p style=\"font-family:montserrat;font-size:20px;font-weight:600;color:#fff;padding-top:15px;padding-bottom:10px;\">B kat. P\u00e9nzt\u00e1rcabar\u00e1t&nbsp;<\/p><p style=\"font-family:montserrat;font-size:16px;font-weight:500;color:#fff;padding-bottom:30px;\">e-learning tanfolyam 52 000,-ft<\/p>\n\n\n<p style=\"font-family:montserrat;font-size:20px;font-weight:600;color:#fff;padding-top:15px;padding-bottom:10px;\">B kat. Optimum e-learning<\/p><p style=\"font-family:montserrat;font-size:16px;font-weight:500;color:#fff;padding-bottom:30px;\">tanfolyam els\u0151seg\u00e9llyel 62 000,-ft<\/p>\n\n\n<p style=\"font-family:montserrat;font-size:20px;font-weight:600;color:#fff;padding-top:15px;padding-bottom:10px;\">B kat. Teljes e-learning<\/p><p style=\"font-family:montserrat;font-size:16px;font-weight:500;color:#fff;padding-bottom:30px;\">tanfolyam 79 000,-ft<\/p>\n\n\n\n\n<p style=\"font-family:montserrat;font-size:20px;font-weight:600;color:#fff;padding-top:15px;padding-bottom:10px;\">Theory Course for Category \u2019B&#8217;&nbsp;<\/p><p style=\"font-family:montserrat;font-size:16px;font-weight:500;color:#fff;padding-bottom:30px;\">e-learning&nbsp; 94 000,-ft<\/p>\n<p style=\"font-family:montserrat;font-size:20px;font-weight:600;color:#fff;padding-top:15px;padding-bottom:10px;\">C\u00e9ges parter<\/p><p style=\"font-family:montserrat;font-size:16px;font-weight:500;color:#fff;padding-bottom:30px;\">beiratkoz\u00e1si fel\u00fclete<\/p>\n\n\n<p style=\"font-family:montserrat;font-size:20px;font-weight:600;color:#fff;padding-top:15px;padding-bottom:10px;\">\u00c1tiratkoz\u00e1s m\u00e1s<\/p><p style=\"font-family:montserrat;font-size:16px;font-weight:500;color:#fff;padding-bottom:30px;\">aut\u00f3siskol\u00e1b\u00f3l 30 000,-ft<\/p>\n\n\n<p style=\"font-family:montserrat;font-size:20px;font-weight:600;color:#fff;padding-top:15px;padding-bottom:10px;\">\u00c1tiratkoz\u00e1s<\/p><p style=\"font-family:montserrat;font-size:16px;font-weight:500;color:#fff;padding-bottom:30px;\">k\u00f6z\u00e9piskol\u00e1b\u00f3l 30 000,-ft<\/p>\n<p style=\"font-family:montserrat;font-size:20px;font-weight:600;color:#fff;padding-top:15px;padding-bottom:10px;\">Telefonos appban a&nbsp;<\/p><p style=\"font-family:montserrat;font-size:16px;font-weight:500;color:#fff;padding-bottom:30px;\">vizsga\u00fatvonalak, \u00e9s vizsgafelk\u00e9sz\u00edt\u0151k!<\/p>\n\n\n\n\n\n\n\n<p style=\"font-family:montserrat;font-size:20px;font-weight:600;color:#fff;padding-top:15px;padding-bottom:10px;\"><br><\/p><p style=\"font-family:montserrat;font-size:20px;font-weight:600;color:#fff;padding-top:15px;padding-bottom:10px;\"><br><\/p><p style=\"font-family:montserrat;font-size:20px;font-weight:600;color:#fff;padding-top:15px;padding-bottom:10px;\">Tantermi intenz\u00edv els\u0151seg\u00e9ly<span style=\"font-family: montserrat; font-size: 20px; font-weight: 600;\">&nbsp;<\/span><\/p><p style=\"font-family:montserrat;font-size:20px;font-weight:600;color:#fff;padding-top:15px;padding-bottom:10px;\"><span style=\"font-family: montserrat; font-size: 16px; font-weight: 500;\">Kiscsoportos, gyors, hat\u00e9kony, nem csak a Ba1 Aut\u00f3siskola tanul\u00f3inak!<\/span><\/p><p style=\"font-family:montserrat;font-size:20px;font-weight:600;color:#fff;padding-top:15px;padding-bottom:10px;\"><br><\/p>\n\n\n\n\n\n\n<p style=\"font-family:montserrat;font-size:20px;font-weight:600;color:#fff;padding-top:15px;padding-bottom:10px;\">E-learning els\u0151seg\u00e9ly&nbsp;<\/p><p style=\"font-family:montserrat;font-size:16px;font-weight:500;color:#fff;padding-bottom:30px;\">e-learning felk\u00e9sz\u00edt\u0151 anyag 13 000,-Ft<\/p>\n\n\n<p style=\"font-family:montserrat;font-size:20px;font-weight:600;color:#fff;padding-top:15px;padding-bottom:10px;\">K\u00f6zlekedik a Gyerek?<\/p><p style=\"font-family:montserrat;font-size:16px;font-weight:500;color:#fff;padding-bottom:30px;\">e-learning tananyag jogsi el\u0151ttre is!<\/p>\n\n\n<p style=\"font-family:montserrat;font-size:20px;font-weight:600;color:#fff;padding-top:15px;padding-bottom:10px;\">B kateg\u00f3ri\u00e1s Hat\u00f3s\u00e1gi<\/p><p style=\"font-family:montserrat;font-size:16px;font-weight:500;color:#fff;padding-bottom:30px;\">vizsgafelk\u00e9sz\u00edt\u0151 ut\u00e1nk\u00e9pz\u00e9shez<\/p>\n\n\n\n\n\n<p style=\"font-family:montserrat;font-size:20px;font-weight:600;color:#fff;padding-top:15px;padding-bottom:10px;\">Kapcsolat&nbsp;<\/p><p style=\"font-family:montserrat;font-size:16px;font-weight:500;color:#fff;padding-bottom:30px;\">\u00fcgyf\u00e9lszolg\u00e1lat, \u00fcgyint\u00e9z\u00e9s<\/p>\n\n\n<p style=\"font-family:montserrat;font-size:20px;font-weight:600;color:#fff;padding-top:15px;padding-bottom:10px;\">Gyakran ism\u00e9telt<\/p><p style=\"font-family:montserrat;font-size:16px;font-weight:500;color:#fff;padding-bottom:30px;\">k\u00e9rd\u00e9sek<\/p>\n\n\n<p style=\"font-family:montserrat;font-size:20px;font-weight:600;color:#fff;padding-top:15px;padding-bottom:10px;\">Magamr\u00f3l<\/p><p style=\"font-family:montserrat;font-size:16px;font-weight:500;color:#fff;padding-bottom:30px;\">n\u00e9h\u00e1ny sz\u00f3ban<\/p>\n\n\n\n\n<p style=\"font-family:montserrat;font-size:20px;font-weight:600;color:#fff;padding-top:15px;padding-bottom:10px;\">Vonz\u00e1sk\u00f6rzet\u00fcnk&nbsp;<\/p><p style=\"font-family:montserrat;font-size:16px;font-weight:500;color:#fff;padding-bottom:30px;\">\u00e9s n\u00f6vekszik&#8230;<\/p>\n\n\n<p style=\"font-family:montserrat;font-size:20px;font-weight:600;color:#fff;padding-top:15px;padding-bottom:10px;\">&#8222;ujravezetni.hu&#8221;<\/p><p style=\"font-family:montserrat;font-size:16px;font-weight:500;color:#fff;padding-bottom:30px;\">\u00fajrakezd\u0151knek<\/p>\n\n\n<p style=\"font-family:montserrat;font-size:20px;font-weight:600;color:#fff;padding-top:15px;padding-bottom:10px;\">Beiratkoz\u00e1s.hu projekt<\/p><p style=\"font-family:montserrat;font-size:16px;font-weight:500;color:#fff;padding-bottom:30px;\">a szakoktat\u00f3knak is aj\u00e1nlva<\/p>\n\n\n\n\n<p style=\"font-family:montserrat;font-size:20px;font-weight:600;color:#fff;padding-top:15px;padding-bottom:10px;\">25 000,-ft ig\u00e9nybev\u00e9tel\u00e9r\u0151l<\/p><p style=\"font-family:montserrat;font-size:16px;font-weight:500;color:#fff;padding-bottom:30px;\">KRESZ t\u00e1mogat\u00e1s 20 \u00e9v alattiaknak<\/p>\n\n\n<p style=\"font-family:montserrat;font-size:20px;font-weight:600;color:#fff;padding-top:15px;padding-bottom:10px;\">\u00c1tiratkoz\u00e1s m\u00e1s iskol\u00e1b\u00f3l,<\/p><p style=\"font-family:montserrat;font-size:16px;font-weight:500;color:#fff;padding-bottom:30px;\">\u00c1tiratkoz\u00e1s k\u00f6z\u00e9piskol\u00e1b\u00f3l..<\/p>\n\n\n<p style=\"font-family:montserrat;font-size:20px;font-weight:600;color:#fff;padding-top:15px;padding-bottom:10px;\">A &#8222;falnak&#8221; besz\u00e9lek<\/p><p style=\"font-family:montserrat;font-size:16px;font-weight:500;color:#fff;padding-bottom:30px;\">sz\u00f6sszenetek&#8230;<\/p>\n\n\n\n\n\n","protected":false},"excerpt":{"rendered":"","protected":false},"author":1,"featured_media":0,"parent":0,"menu_order":0,"comment_status":"closed","ping_status":"closed","template":"","meta":{"pagelayer_contact_templates":[],"_pagelayer_content":"","footnotes":""},"class_list":["post-4143","page","type-page","status-publish","hentry"],"_links":{"self":[{"href":"https:\/\/bal1.hu\/plusz\/wp-json\/wp\/v2\/pages\/4143","targetHints":{"allow":["GET"]}}],"collection":[{"href":"https:\/\/bal1.hu\/plusz\/wp-json\/wp\/v2\/pages"}],"about":[{"href":"https:\/\/bal1.hu\/plusz\/wp-json\/wp\/v2\/types\/page"}],"author":[{"embeddable":true,"href":"https:\/\/bal1.hu\/plusz\/wp-json\/wp\/v2\/users\/1"}],"replies":[{"embeddable":true,"href":"https:\/\/bal1.hu\/plusz\/wp-json\/wp\/v2\/comments?post=4143"}],"version-history":[{"count":207,"href":"https:\/\/bal1.hu\/plusz\/wp-json\/wp\/v2\/pages\/4143\/revisions"}],"predecessor-version":[{"id":6012,"href":"https:\/\/bal1.hu\/plusz\/wp-json\/wp\/v2\/pages\/4143\/revisions\/6012"}],"wp:attachment":[{"href":"https:\/\/bal1.hu\/plusz\/wp-json\/wp\/v2\/media?parent=4143"}],"curies":[{"name":"wp","href":"https:\/\/api.w.org\/{rel}","templated":true}]}}