{"id":3273,"date":"2025-01-15T21:01:29","date_gmt":"2025-01-15T20:01:29","guid":{"rendered":"https:\/\/bal1.hu\/plusz\/?page_id=3273"},"modified":"2025-10-05T20:48:52","modified_gmt":"2025-10-05T18:48:52","slug":"cegadatok","status":"publish","type":"page","link":"https:\/\/bal1.hu\/plusz\/cegadatok\/","title":{"rendered":"C\u00c9GADATOK"},"content":{"rendered":"\n\n\n<span style=\"color:#000000;\">InfoCart-Team Bt. Ad\u00f3sz\u00e1m: 25327474-1-41, C\u00e9gjegyz\u00e9ksz\u00e1m: 01 06 789704, Feln\u0151ttk\u00e9pz\u0151&nbsp; &nbsp;nyilv\u00e1ntart\u00e1si sz\u00e1m: B\/2021\/000972 &#8211; BAL1 AUT\u00d3SISKOLA (3981) K\u00e9pz\u00e9si enged\u00e9ly sz\u00e1ma: KGHF\/11913-1\/2021-ITM\n\nUtal\u00e1si adatok: BinX Bank &#8211; Bal1 Aut\u00f3siskola &#8211; Sz\u00e1mlasz\u00e1m:&nbsp;<\/span>30400001-00000000-33001395\n\n\n","protected":false},"excerpt":{"rendered":"","protected":false},"author":1,"featured_media":0,"parent":0,"menu_order":0,"comment_status":"closed","ping_status":"closed","template":"","meta":{"pagelayer_contact_templates":[],"_pagelayer_content":"","footnotes":""},"class_list":["post-3273","page","type-page","status-publish","hentry"],"_links":{"self":[{"href":"https:\/\/bal1.hu\/plusz\/wp-json\/wp\/v2\/pages\/3273","targetHints":{"allow":["GET"]}}],"collection":[{"href":"https:\/\/bal1.hu\/plusz\/wp-json\/wp\/v2\/pages"}],"about":[{"href":"https:\/\/bal1.hu\/plusz\/wp-json\/wp\/v2\/types\/page"}],"author":[{"embeddable":true,"href":"https:\/\/bal1.hu\/plusz\/wp-json\/wp\/v2\/users\/1"}],"replies":[{"embeddable":true,"href":"https:\/\/bal1.hu\/plusz\/wp-json\/wp\/v2\/comments?post=3273"}],"version-history":[{"count":8,"href":"https:\/\/bal1.hu\/plusz\/wp-json\/wp\/v2\/pages\/3273\/revisions"}],"predecessor-version":[{"id":4923,"href":"https:\/\/bal1.hu\/plusz\/wp-json\/wp\/v2\/pages\/3273\/revisions\/4923"}],"wp:attachment":[{"href":"https:\/\/bal1.hu\/plusz\/wp-json\/wp\/v2\/media?parent=3273"}],"curies":[{"name":"wp","href":"https:\/\/api.w.org\/{rel}","templated":true}]}}