{"id":301,"date":"2021-11-21T00:14:48","date_gmt":"2021-11-20T23:14:48","guid":{"rendered":"https:\/\/bal1.hu\/plusz\/?page_id=301"},"modified":"2025-08-31T10:43:35","modified_gmt":"2025-08-31T08:43:35","slug":"mutatok","status":"publish","type":"page","link":"https:\/\/bal1.hu\/plusz\/mutatok\/","title":{"rendered":"MUTAT\u00d3K"},"content":{"rendered":"\n\n\n\n\n\n\n<p>.<\/p>\n<p style=\"text-align: center;\"><span style=\"color:#000000;\">Bal1 Aut\u00f3siskola &#8211; Hivatalos lista: Vizsga sikeress\u00e9gi mutat\u00f3\/ \u00c1tlagos k\u00e9pz\u00e9si \u00f3rasz\u00e1m\/ K\u00e9pz\u00e9si k\u00f6lts\u00e9g<\/span><\/p><p style=\"text-align: center;\">.<\/p>\n<p style=\"text-align: center; color: rgb(0, 0, 0);\"><a href=\"https:\/\/vizsgakozpont.hu\/ako_vsm?institution=3981\">&gt;&gt;KAV HIVATALOS OLDALA \u2013 K\u00c9REM KATTINTSON IDE&lt;&lt;<\/a><\/p><p style=\"text-align: center;\"><br><\/p>\n\n\n\n\n\n\n","protected":false},"excerpt":{"rendered":"","protected":false},"author":1,"featured_media":0,"parent":0,"menu_order":0,"comment_status":"closed","ping_status":"closed","template":"","meta":{"pagelayer_contact_templates":[],"_pagelayer_content":"","footnotes":""},"class_list":["post-301","page","type-page","status-publish","hentry"],"_links":{"self":[{"href":"https:\/\/bal1.hu\/plusz\/wp-json\/wp\/v2\/pages\/301","targetHints":{"allow":["GET"]}}],"collection":[{"href":"https:\/\/bal1.hu\/plusz\/wp-json\/wp\/v2\/pages"}],"about":[{"href":"https:\/\/bal1.hu\/plusz\/wp-json\/wp\/v2\/types\/page"}],"author":[{"embeddable":true,"href":"https:\/\/bal1.hu\/plusz\/wp-json\/wp\/v2\/users\/1"}],"replies":[{"embeddable":true,"href":"https:\/\/bal1.hu\/plusz\/wp-json\/wp\/v2\/comments?post=301"}],"version-history":[{"count":25,"href":"https:\/\/bal1.hu\/plusz\/wp-json\/wp\/v2\/pages\/301\/revisions"}],"predecessor-version":[{"id":4308,"href":"https:\/\/bal1.hu\/plusz\/wp-json\/wp\/v2\/pages\/301\/revisions\/4308"}],"wp:attachment":[{"href":"https:\/\/bal1.hu\/plusz\/wp-json\/wp\/v2\/media?parent=301"}],"curies":[{"name":"wp","href":"https:\/\/api.w.org\/{rel}","templated":true}]}}