{"id":295,"date":"2021-11-20T16:36:51","date_gmt":"2021-11-20T15:36:51","guid":{"rendered":"https:\/\/bal1.hu\/plusz\/?page_id=295"},"modified":"2025-08-31T11:25:46","modified_gmt":"2025-08-31T09:25:46","slug":"ujra-vezetni-szeretnek","status":"publish","type":"page","link":"https:\/\/bal1.hu\/plusz\/ujra-vezetni-szeretnek\/","title":{"rendered":"\u00daJRA VEZETNI SZERETN\u00c9K"},"content":{"rendered":"\n\n\n<p style=\"text-align: center;\"><span style=\"color: #000000;\">Kattintson a k\u00e9pre, \u00e9s keresse fel azt az oldalt ahol azoknak a szakembereknek az ORSZ\u00c1GOS list\u00e1j\u00e1t tal\u00e1lja, akik v\u00e1llalj\u00e1k jogos\u00edtv\u00e1nnyal m\u00e1r rendelkez\u0151k visszavezet\u00e9s\u00e9t a forgalomba. Teh\u00e1t ha jogsija m\u00e1r van, de rutinja nincs, \u00e9rdemes felkeresnie az <a style=\"color: #000000;\" href=\"https:\/\/ujravezetni.hu\" target=\"_blank\" rel=\"noopener\">ujravezetni.hu<\/a> oldalt,<\/span><\/p>\n<p style=\"text-align: center;\"><span style=\"color: #000000;\">vagy ha a III., IV., XIII., ker\u00fcletek el\u00e9rhet\u0151k \u00d6nnek, akkor \u00edrjon e-mail c\u00edm\u00fcnkre&nbsp; info@bal1.hu \u00e9s seg\u00edt\u00fcnk k\u00e9pzett szakoktat\u00f3t tal\u00e1lni.<\/span><\/p>\n<p style=\"text-align: center;\"><br><\/p>\n<p\u00a0style=\"text-align: center;\"=\"\"><span style=\"color: #000000;\"><\/span>\n<a href=\"https:\/\/ujravezetni.hu\" target=\"_blank\" rel=\"noopener\"><img fetchpriority=\"high\" decoding=\"async\" class=\"aligncenter wp-image-91 size-full\" src=\"https:\/\/bal1.hu\/plusz\/wp-content\/uploads\/2021\/11\/bal_1_kezdokep.jpg\" alt=\"\" width=\"1024\" height=\"384\" srcset=\"https:\/\/bal1.hu\/plusz\/wp-content\/uploads\/2021\/11\/bal_1_kezdokep.jpg 1024w, https:\/\/bal1.hu\/plusz\/wp-content\/uploads\/2021\/11\/bal_1_kezdokep-600x225.jpg 600w, https:\/\/bal1.hu\/plusz\/wp-content\/uploads\/2021\/11\/bal_1_kezdokep-300x113.jpg 300w, https:\/\/bal1.hu\/plusz\/wp-content\/uploads\/2021\/11\/bal_1_kezdokep-768x288.jpg 768w\" sizes=\"(max-width: 1024px) 100vw, 1024px\"><\/a>\n<\/p\u00a0style=\"text-align:>\n\n\n","protected":false},"excerpt":{"rendered":"","protected":false},"author":1,"featured_media":0,"parent":0,"menu_order":0,"comment_status":"closed","ping_status":"closed","template":"","meta":{"pagelayer_contact_templates":[],"_pagelayer_content":"","footnotes":""},"class_list":["post-295","page","type-page","status-publish","hentry"],"_links":{"self":[{"href":"https:\/\/bal1.hu\/plusz\/wp-json\/wp\/v2\/pages\/295","targetHints":{"allow":["GET"]}}],"collection":[{"href":"https:\/\/bal1.hu\/plusz\/wp-json\/wp\/v2\/pages"}],"about":[{"href":"https:\/\/bal1.hu\/plusz\/wp-json\/wp\/v2\/types\/page"}],"author":[{"embeddable":true,"href":"https:\/\/bal1.hu\/plusz\/wp-json\/wp\/v2\/users\/1"}],"replies":[{"embeddable":true,"href":"https:\/\/bal1.hu\/plusz\/wp-json\/wp\/v2\/comments?post=295"}],"version-history":[{"count":5,"href":"https:\/\/bal1.hu\/plusz\/wp-json\/wp\/v2\/pages\/295\/revisions"}],"predecessor-version":[{"id":4339,"href":"https:\/\/bal1.hu\/plusz\/wp-json\/wp\/v2\/pages\/295\/revisions\/4339"}],"wp:attachment":[{"href":"https:\/\/bal1.hu\/plusz\/wp-json\/wp\/v2\/media?parent=295"}],"curies":[{"name":"wp","href":"https:\/\/api.w.org\/{rel}","templated":true}]}}