{"id":252,"date":"2021-11-19T22:55:30","date_gmt":"2021-11-19T21:55:30","guid":{"rendered":"https:\/\/bal1.hu\/plusz\/?page_id=252"},"modified":"2025-10-05T20:45:52","modified_gmt":"2025-10-05T18:45:52","slug":"szerzodesminta","status":"publish","type":"page","link":"https:\/\/bal1.hu\/plusz\/szerzodesminta\/","title":{"rendered":"SZERZ\u0150D\u00c9SMINTA"},"content":{"rendered":"\n\n\n<p>&nbsp;<\/p>\n<p>&nbsp;<\/p>\n<p><span style=\"color: #000000;\">FELN\u0150TTK\u00c9PZ\u00c9SI SZERZ\u0150D\u00c9S<\/span><\/p>\n<p>&nbsp;<\/p>\n<p>&nbsp;<\/p>\n<p><span style=\"color: #000000;\">Amely l\u00e9trej\u00f6tt a feln\u0151ttk\u00e9pz\u00e9si t\u00f6rv\u00e9ny alapj\u00e1n a Bal1 Aut\u00f3siskola (InfoCart-Team Bt. \u2013 C\u00e9gj.sz\u00e1m: 01 06 789704, Ad\u00f3sz\u00e1m: 25327474-1-41, Sz\u00e9khely: 1034 Budapest, B\u00e9csi \u00fat 125, Feln\u0151ttk\u00e9pz\u00e9si tev\u00e9kenys\u00e9g nyilv\u00e1ntart\u00e1si sz\u00e1ma: B\/2021\/000972), telefon 36205172068, email petoattila@bal1.hu, mint aut\u00f3siskola, valamint<\/span><\/p>\n<p>&nbsp;<\/p>\n<p><span style=\"color: #000000;\">N\u00e9v -pontos \u00e9s teljes*-<\/span><\/p>\n<p><span style=\"color: #000000;\">Sz\u00fclet\u00e9skori n\u00e9v -pontos \u00e9s teljes*-<\/span><\/p>\n<p><span style=\"color: #000000;\">Sz\u00fclet\u00e9si hely \u00e9s Budapest eset\u00e9n ker\u00fclet*<\/span><\/p>\n<p><span style=\"color: #000000;\">Sz\u00fclet\u00e9si id\u0151*<\/span><\/p>\n<p><span style=\"color: #000000;\">Anyja l\u00e1nykori neve -pontos \u00e9s teljes*-<\/span><\/p>\n<p><span style=\"color: #000000;\">\u00c1lland\u00f3 lakc\u00edm ir\u00e1ny\u00edt\u00f3sz\u00e1mmal -pontos \u00e9s teljes*-<\/span><\/p>\n<p><span style=\"color: #000000;\">Tart\u00f3zkod\u00e1si c\u00edm -pontos \u00e9s teljes ir\u00e1ny\u00edt\u00f3sz\u00e1mmal*-<\/span><\/p>\n<p><span style=\"color: #000000;\">Szem\u00e9lyi igazolv\u00e1ny vagy \u00fatlev\u00e9l sz\u00e1m*:<\/span><\/p>\n<p><span style=\"color: #000000;\">Szem\u00e9lyi igazolv\u00e1ny vagy \u00fatlev\u00e9l \u00e9rv\u00e9nyess\u00e9g\u00e9nek d\u00e1tuma*<\/span><\/p>\n<p><span style=\"color: #000000;\">Di\u00e1kigazolv\u00e1ny azonos\u00edt\u00f3 sz\u00e1m<\/span><\/p>\n<p><span style=\"color: #000000;\">Ad\u00f3azonos\u00edt\u00f3 jel*<\/span><\/p>\n<p><span style=\"color: #000000;\">Legmagasabb iskolai v\u00e9gzetts\u00e9ge* k\u00f6vetelm\u00e9ny: minimum 8 \u00e1ltal\u00e1nos-<\/span><\/p>\n<p><span style=\"color: #000000;\">Email c\u00edme*<\/span><\/p>\n<p><span style=\"color: #000000;\">Telefonsz\u00e1ma*<\/span><\/p>\n<p><span style=\"color: #000000;\">Megl\u00e9v\u0151 vezet\u0151i engely\u00e9nek kateg\u00f3ri\u00e1ja \u00e9s sz\u00e1ma<\/span><\/p>\n<p><span style=\"color: #000000;\">\u00c1ll-e vezet\u00e9st\u0151l val\u00f3 eltilt\u00e1s alatt* -igen vagy nem-<\/span><\/p>\n<p><span style=\"color: #000000;\">18 \u00e9v alatti szerz\u0151d\u00e9sk\u00f6t\u0151 eset\u00e9n<\/span><\/p>\n<p><span style=\"color: #000000;\">A t\u00f6rv\u00e9nyes k\u00e9pvisel\u0151j\u00e9nek neve<\/span><\/p>\n<p><span style=\"color: #000000;\">Telefonsz\u00e1ma<\/span><\/p>\n<p><span style=\"color: #000000;\">Email c\u00edme<\/span><\/p>\n<p>&nbsp;<\/p>\n<p><span style=\"color: #000000;\">mint tanul\u00f3 k\u00f6z\u00f6tt. E szerz\u0151d\u00e9s \u00e9rtelm\u00e9ben az aut\u00f3siskola v\u00e1llalja fent nevezett tanul\u00f3 \u201eB\u201d kateg\u00f3ri\u00e1s g\u00e9pj\u00e1rm\u0171vezet\u0151i k\u00e9pz\u00e9s\u00e9t (elm\u00e9leti alapismeretek \u00e9s gyakorlati oktat\u00e1s, valamint az ehhez kapcsol\u00f3d\u00f3 kieg\u00e9sz\u00edt\u0151 szolg\u00e1ltat\u00e1sok, mint \u201ek\u00e9pz\u00e9s\u201d), az al\u00e1bbiak szerint: A k\u00e9pz\u00e9s megnevez\u00e9se: \u201eB\u201d kateg\u00f3ri\u00e1s j\u00e1rm\u0171vezet\u0151-k\u00e9pz\u0151 tanfolyam.<\/span><\/p>\n<p><span style=\"color: #000000;\">A k\u00e9pz\u00e9s \u00f3rasz\u00e1ma: 28 tan\u00f3ra elm\u00e9leti oktat\u00e1s, vagy az ennek megfelel\u0151 z\u00e1rt rendszer\u0171 t\u00e1voktat\u00e1s, valamint legal\u00e1bb 29 tan\u00f3ra j\u00e1rm\u0171vezet\u00e9si gyakorlat + 1 \u00f3ra forgalmi vizsga. Ezen fel\u00fcl lehet\u0151s\u00e9g van elm\u00e9leti \u00e9s gyakorlati p\u00f3t\u00f3r\u00e1k ig\u00e9nybev\u00e9tel\u00e9re.<\/span><\/p>\n<p><span style=\"color: #000000;\">A k\u00e9pz\u00e9s tananyagegys\u00e9gekre bontott \u00fctemez\u00e9se: t\u00e1j\u00e9koztat\u00f3 el\u0151ad\u00e1s, e-learning k\u00e9pz\u00e9s eset\u00e9nt\u00e1j\u00e9koztat\u00f3 e-mail, elm\u00e9leti oktat\u00e1s, elm\u00e9leti-vizsga, j\u00e1rm\u0171vezet\u00e9si gyakorlat, forgalmi vizsga. A 24\/2005 GKM rendeletben \u00e9s a vonatkoz\u00f3 \u201eTantermi \u00e9s vizsgak\u00f6vetelm\u00e9nyek\u201d-ben el\u0151\u00edrt \u00fctemez\u00e9s alapj\u00e1n.<\/span><\/p>\n<p><span style=\"color: #000000;\">A k\u00e9pz\u00e9s kezdete: Az akkredit\u00e1lt t\u00e1voktat\u00e1si keretrendszer tananyag\u00e1ba t\u00f6rt\u00e9n\u0151 els\u0151 bel\u00e9p\u00e9s id\u0151pontja, melyet a keretrendszer r\u00f6gz\u00edt.<\/span><\/p>\n<p><span style=\"color: #000000;\">A k\u00e9pz\u00e9s tervezett, illetve lehets\u00e9ges v\u00e9ge: a tanul\u00f3 a sikeres elm\u00e9leti vizsga ut\u00e1n k\u00e9t \u00e9ven bel\u00fcl tehet sikeres forgalmi vizsg\u00e1t. Az elm\u00e9leti oktat\u00e1s sikeres vizsga n\u00e9lk\u00fcl egy \u00e9v ut\u00e1n el\u00e9v\u00fcl. A KRESZ-tanfolyam vizsga n\u00e9lk\u00fcl 9 h\u00f3napig \u00e9rv\u00e9nyes. A k\u00e9pz\u00e9s \u00edgy maxim\u00e1lisan 36 h\u00f3nap lehet.<\/span><\/p>\n<p><span style=\"color: #000000;\">A k\u00e9pz\u00e9s elv\u00e9gz\u00e9s\u00e9vel megszerezhet\u0151 dokumentum: A teljes k\u00e9pz\u00e9s teljes\u00edt\u00e9se, valamint sikeres elm\u00e9leti \u00e9s sikeres forgalmi vizsga let\u00e9tele ut\u00e1n: \u201eB\u201d kateg\u00f3ri\u00e1s vezet\u0151 enged\u00e9ly.<\/span><\/p>\n<p><span style=\"color: #000000;\">A k\u00e9pz\u00e9s sor\u00e1n ny\u00fajtott teljes\u00edtm\u00e9ny ellen\u0151rz\u00e9s\u00e9nek, \u00e9rt\u00e9kel\u00e9s\u00e9nek m\u00f3dja: elm\u00e9leti \u00e9s gyakorlati vizsg\u00e1k<\/span><\/p>\n<p><span style=\"color: #000000;\">A vizsg\u00e1ra bocs\u00e1t\u00e1s felt\u00e9telei:<\/span><\/p>\n<p><span style=\"color: #000000;\">* Elm\u00e9leti vizsga: legal\u00e1bb 16 \u00e9v \u00e9s 9 h\u00f3napos \u00e9letkor, legal\u00e1bb alapfok\u00fa iskolai v\u00e9gzetts\u00e9g (8. \u00e1ltal\u00e1nos), orvosi alkalmass\u00e1gi v\u00e9lem\u00e9ny, f\u00e9nyk\u00e9pes, szem\u00e9lyazonos\u00edt\u00e1sra alkalmas hat\u00f3s\u00e1gi okm\u00e1ny \u00e9s al\u00e1\u00edrt jelentkez\u00e9si lap, elm\u00e9leti tanfolyam igazolt elv\u00e9gz\u00e9se.<\/span><\/p>\n<p><span style=\"color: #000000;\">* Forgalmi vizsga: legal\u00e1bb 17 \u00e9ves \u00e9letkor, legal\u00e1bb 29 tan\u00f3ra \u00e9s 580 km igazolt j\u00e1rm\u0171vezet\u00e9si gyakorlat.<\/span><\/p>\n<p><span style=\"color: #000000;\">A megengedett hi\u00e1nyz\u00e1s m\u00e9rt\u00e9ke: a tantermi elm\u00e9leti tanfolyamr\u00f3l 0 % hi\u00e1nyz\u00e1s megengedett. A hi\u00e1nyz\u00e1st be kell p\u00f3tolni. E-learning k\u00e9pz\u00e9s est\u00e9na hi\u00e1nyz\u00e1s nem \u00e9rtelmezhet\u0151.<\/span><\/p>\n<p><span style=\"color: #000000;\">A k\u00e9pz\u00e9shez ny\u00fajtott t\u00e1mogat\u00e1s: a sikeres KRESZ- vizsga id\u0151pontj\u00e1ban 20 \u00e9v alattiak, valamint GYES-en, GYED-en l\u00e9v\u0151k 25.000 Ft \u00e1llami t\u00e1mogat\u00e1st kaphatnak a 55\/2018. (III. 23.) Korm. rendelet alapj\u00e1n, annak visszavon\u00e1s\u00e1ig.<\/span><\/p>\n<p><span style=\"color: #000000;\">A k\u00e9pz\u00e9s keret\u00e9ben ny\u00fajtott \u00f6szt\u00f6nd\u00edj m\u00e9rt\u00e9k\u00e9t \u00e9s foly\u00f3s\u00edt\u00e1s\u00e1nak felt\u00e9telei: \u2014&#8211;<\/span><\/p>\n<p><span style=\"color: #000000;\">A tanul\u00f3 v\u00e1llalja, hogy a k\u00e9pz\u00e9s ellent\u00e9telez\u00e9s\u00e9\u00e9rt a jelen szerz\u0151d\u00e9s szerinti d\u00edjakat megfizeti. A gyakorlati oktat\u00e1s \u2013 jogszab\u00e1lyban el\u0151\u00edrt minim\u00e1lisan el\u0151\u00edrt \u2013 30 \u00f3r\u00e1ja felett lehet\u0151s\u00e9g van tov\u00e1bbi gyakorlati p\u00f3t\u00f3r\u00e1k ig\u00e9nybev\u00e9tel\u00e9re.<\/span><\/p>\n<p><span style=\"color: #000000;\">Tanul\u00f3 e szerz\u0151d\u00e9s al\u00e1\u00edr\u00e1s\u00e1val hozz\u00e1j\u00e1rul a szem\u00e9lyes adatainak kezel\u00e9s\u00e9hez. Elismeri, hogy az aut\u00f3siskola \u00e1ltal k\u00e9sz\u00edtett k\u00e9pz\u00e9si t\u00e1j\u00e9koztat\u00f3t, v\u00e1llal\u00e1si felt\u00e9teleket \u00e9s adatv\u00e9delmi t\u00e1j\u00e9koztat\u00f3t megismerte \u00e9s elfogadta. A tanul\u00f3 e szerz\u0151d\u00e9s al\u00e1\u00edr\u00e1s\u00e1val hozz\u00e1j\u00e1rul szem\u00e9lyes adatainak, ad\u00f3sz\u00e1m\u00e1nak, e-mail c\u00edm\u00e9nek a feln\u0151ttk\u00e9pz\u00e9si \u00e1llamigazgat\u00e1si szerv feln\u0151ttk\u00e9pz\u00e9si adatszolg\u00e1ltat\u00e1si rendszer\u00e9be t\u00f6rt\u00e9n\u0151 tov\u00e1bb\u00edt\u00e1s\u00e1hoz.<\/span><\/p>\n<p><span style=\"color: #000000;\">A tanul\u00f3 felhatalmazza az aut\u00f3siskol\u00e1t, illetve a gyakorlati oktat\u00f3t, hogy a vizsg\u00e1k \u00fcgyint\u00e9z\u00e9s\u00e9ben \u00e9s befizet\u00e9s\u00e9ben helyette elj\u00e1rjon. A tanul\u00f3 tudom\u00e1sul veszi, hogy a k\u00e9pz\u00e9si rendeletben le\u00edrtaknak megfelel\u0151en a vezet\u00e9si gyakorlat tant\u00e1rgyat csak szakoktat\u00f3i fel\u00fcgyelete mellett lehet gyakorolni. A szakoktat\u00f3k az aut\u00f3siskol\u00e1val egy\u00fcttm\u0171k\u00f6d\u00e9si meg\u00e1llapod\u00e1sban \u00e1llnak.<\/span><\/p>\n<p>&nbsp;<\/p>\n<p><span style=\"color: #000000;\">Az oktat\u00e1si szerz\u0151d\u00e9s az al\u00e1bbi felt\u00e9telek szerint bonthat\u00f3 fel (a k\u00e9pz\u00e9s szerz\u0151d\u00e9sszeg\u00e9s\u00e9nek k\u00f6vetkezm\u00e9nyei):<\/span><\/p>\n<p><span style=\"color: #000000;\">\u2022 a tanul\u00f3 a sikeres elm\u00e9leti vizsga ut\u00e1n k\u00e9t \u00e9ven bel\u00fcl teheti le vizsg\u00e1it. Az elm\u00e9leti tanfolyam sikeres vizsga n\u00e9lk\u00fcl egy \u00e9v ut\u00e1n el\u00e9v\u00fcl. A KRESZ-tanfolyam vizsga n\u00e9lk\u00fcl 9 h\u00f3napig \u00e9rv\u00e9nyes. Ezen hat\u00e1rid\u0151k eltelt\u00e9t k\u00f6vet\u0151en e szerz\u0151d\u00e9s hat\u00e1ly\u00e1t vesz\u00edti.<\/span><\/p>\n<p><span style=\"color: #000000;\">\u2022 a tanul\u00f3 a k\u00e9pz\u00e9s b\u00e1rmelyik f\u00e1zis\u00e1ban e szerz\u0151d\u00e9st indokol\u00e1s n\u00e9lk\u00fcl felmondhatja. A befizetett, de fel nem haszn\u00e1lt d\u00edjak visszat\u00e9r\u00edt\u00e9s\u00e9t e szerz\u0151d\u00e9s utols\u00f3 bekezd\u00e9se szab\u00e1lyozza. Az iskola a teljes\u00edtett k\u00e9pz\u00e9sr\u0151l k\u00e9pz\u00e9si igazol\u00e1st \u00e1ll\u00edt ki.<\/span><\/p>\n<p><span style=\"color: #000000;\">\u2022 az aut\u00f3siskola e szerz\u0151d\u00e9st felmondhatja, a tov\u00e1bbi k\u00e9pz\u00e9si szolg\u00e1ltat\u00e1st megtagadhatja, ha a tanul\u00f3 a szolg\u00e1ltat\u00e1si d\u00edjakat a d\u00edjfizet\u00e9s rendj\u00e9ben le\u00edrt hat\u00e1rid\u0151re nem fizeti be.<\/span><\/p>\n<p><span style=\"color: #000000;\">E szerz\u0151d\u00e9s alapj\u00e1n az aut\u00f3siskola csak k\u00e9pz\u00e9si szolg\u00e1ltat\u00e1st teljes\u00edt. \u00cdgy nem v\u00e1llal felel\u0151ss\u00e9get a vizsgaesem\u00e9nyekkel, vizsgaeredm\u00e9nyekkel, a vezet\u0151i enged\u00e9ly kiad\u00e1s\u00e1val, valamint a vizsgad\u00edjakkal \u00e9s a jogszab\u00e1lyv\u00e1ltoz\u00e1sokkal kapcsolatban.<\/span><\/p>\n<p><span style=\"color: #000000;\">Az iskola v\u00e1llalja, hogy a forgalmi vizsga felt\u00e9tel\u00e9\u00fcl meghat\u00e1rozott vezet\u00e9si \u00f3r\u00e1kat a jogszab\u00e1lyban le\u00edrt hat\u00e1rid\u0151n bel\u00fcl biztos\u00edtja.<\/span><\/p>\n<p><span style=\"color: #000000;\">Szolg\u00e1ltat\u00e1si d\u00edjak, a d\u00edjfizet\u00e9s rendje:<\/span><\/p>\n<p>&nbsp;<\/p>\n<p><span style=\"color: #000000;\">K\u00e9rem, hogy az al\u00e1bbi leg\u00f6rd\u00fcl\u0151 men\u00fc haszn\u00e1lat\u00e1val v\u00e1lassza ki a megkezdeni k\u00edv\u00e1nt tanfolyamot! (tov\u00e1bbiakban a kiv\u00e1lasztott tanfolyam v\u00e1lik a szerz\u0151d\u00e9s t\u00e1rgy\u00e1v\u00e1)<\/span><\/p>\n<p>&nbsp;<\/p>\n<p><span style=\"color: #000000;\">B kateg\u00f3ri\u00e1s elm\u00e9leti e-learning + els\u0151seg\u00e9ly video tananyaggal tand\u00edj + vizsgafelk\u00e9sz\u00edt\u0151 + vizsga\u00fatvonalak + parkol\u00e1sok : 79 000,-Ft<\/span><\/p>\n<p><span style=\"color: #000000;\">Theoretical Training for Category B: 94 000,-Ft<\/span><\/p>\n<p><span style=\"color: #000000;\">\u00c1tiratkoz\u00e1s egy\u00e9b aut\u00f3siskol\u00e1b\u00f3l \u2013 el\u0151zetes egyeztet\u00e9st ig\u00e9nyel \u2013 30 000,-Ft<\/span><\/p>\n<p><span style=\"color: #000000;\">stb&#8230;<\/span><\/p>\n<p>&nbsp;<\/p>\n<p><span style=\"color: #000000;\">Befizet\u00e9si hat\u00e1rid\u0151: szerz\u0151d\u00e9s megk\u00f6t\u00e9s\u00e9t k\u00f6vet\u0151 24 \u00f3r\u00e1n bel\u00fcl<\/span><\/p>\n<p><span style=\"color: #000000;\">Az \u00f6sszeg tartalmazza: E-titan e-learninges z\u00e1rt rendszer\u0171 t\u00e1voktat\u00e1si tananyaghaszn\u00e1latot, \u00e9s a konzult\u00e1ci\u00f3kon val\u00f3 r\u00e9szv\u00e9telt.<\/span><\/p>\n<p>&nbsp;<\/p>\n<p><span style=\"color: #000000;\">A tanul\u00f3 tudom\u00e1sul veszi, hogy az e-learning tanfolyam ig\u00e9nybev\u00e9tele eset\u00e9n, az akkredit\u00e1lt e-learning rendszer \u00e1ltal k\u00fcld\u00f6tt regisztr\u00e1ci\u00f3s e-mail alapj\u00e1n, az email meg\u00e9rkez\u00e9s\u00e9nek napj\u00e1t\u00f3l sz\u00e1m\u00edtott 30 napon bel\u00fcl a tanfolyamot megkezdi, azaz t\u00e9nylegesen bel\u00e9p a t\u00e1voktat\u00e1si fel\u00fcletre, \u00e9s a tananyag elsaj\u00e1t\u00edt\u00e1s\u00e1t megkezdi. Amennyiben ez nem t\u00f6rt\u00e9nik meg, a tanul\u00f3 elfogadja, hogy a feln\u0151ttk\u00e9pz\u00e9si szerz\u0151d\u00e9se \u00e9rv\u00e9ny\u00e9t veszti, kiz\u00e1r\u00f3lag \u00faj felm\u0151ttk\u00e9pz\u00e9si szerz\u0151d\u00e9s megk\u00f6t\u00e9se \u00e9s \u00faj tanfolyami d\u00edj befizet\u00e9s\u00e9t k\u00f6vet\u0151en szerezhet jogosults\u00e1got az e-learning rendszerbe t\u00f6rt\u00e9n\u0151 regisztr\u00e1ci\u00f3ra.<\/span><\/p>\n<p>&nbsp;<\/p>\n<p><span style=\"color: #000000;\">Tov\u00e1bbi d\u00edjak:<\/span><\/p>\n<p><span style=\"color: #000000;\">Elm\u00e9leti vizsgad\u00edj: 4 600,- Ft.<\/span><\/p>\n<p><span style=\"color: #000000;\">Vezet\u00e9si \u00f3rad\u00edj: 11 000 forint\/tan\u00f3r\u00e1t\u00f3l minim\u00e1lisan 29 tan\u00f3ra + 1 vizsga\u00f3ra, mely t\u00f6bb r\u00e9szletben is befizethet\u0151, a gyakorlati oktat\u00f3val k\u00f6t\u00f6tt k\u00fcl\u00f6n d\u00edjfizet\u00e9si meg\u00e1llapod\u00e1sban le\u00edrtaknak megfelel\u0151en.<\/span><\/p>\n<p><span style=\"color: #000000;\">Forgalmi vizsgad\u00edj: 11.000 forint Befizet\u00e9si hat\u00e1rid\u0151: a forgalmi vizsg\u00e1ra jelentkez\u00e9skor.<\/span><\/p>\n<p><span style=\"color: #000000;\">Vizsgad\u00edjank\u00e9nt 1.000.- ft adminisztr\u00e1ci\u00f3s d\u00edj felsz\u00e1m\u00edt\u00e1sra ker\u00fcl.<\/span><\/p>\n<p><span style=\"color: #000000;\">\u2022 A k\u00e9pz\u00e9s teljes alapd\u00edja B kateg\u00f3ri\u00e1s P\u00e9nzt\u00e1rcabar\u00e1t elm\u00e9leti e-learning tanfolyammal, vizsg\u00e1kkal \u00e9s 30 \u00f3ra vezet\u00e9ssel, 11 000,-\/tan\u00f3ra vezet\u00e9si d\u00edjjal sz\u00e1molva: 398 600,- Ft.<\/span><\/p>\n<p>&nbsp;<\/p>\n<p><span style=\"color: #000000;\">A szerz\u0151d\u00e9sben szerepl\u0151 elm\u00e9leti tanfolyami d\u00edjat, \u00e9s elm\u00e9leti vizsgad\u00edjat a www.bal1.hu oldal\u00e1n, a t\u00e1voll\u00e9v\u0151k k\u00f6z\u00f6tti szerz\u0151d\u00e9s megk\u00f6t\u00e9sekor bankk\u00e1rty\u00e1s fizet\u00e9s form\u00e1j\u00e1ban, vagy banki \u00e1tutal\u00e1ssal egyenl\u00edthet\u0151 ki. Banksz\u00e1mlasz\u00e1m az \u00e1tutal\u00e1shoz: InfoCart-Team Bt.&nbsp;<\/span><font color=\"#000000\">BinX 30400001-00000000-33001395<\/font><span style=\"color: rgb(0, 0, 0);\">&nbsp;Szem\u00e9lyesen megk\u00f6t\u00f6tt szerz\u0151d\u00e9s eset\u00e9n k\u00e9szp\u00e9nzes, banki \u00e1tutal\u00e1sos \u00e9s bankk\u00e1rty\u00e1s fizet\u00e9s is lehets\u00e9ges.<\/span><\/p>\n<p>&nbsp;<\/p>\n<p><span style=\"color: #000000;\">A tanul\u00f3 \u00e1ltal kezdem\u00e9nyezett szerz\u0151d\u00e9sbont\u00e1s eset\u00e9n a tanul\u00f3 r\u00e9sz\u00e9re visszafizet\u00e9sre ker\u00fclnek a fel nem haszn\u00e1lt \u00f6sszegek, illetve a le nem vezetett \u00f3r\u00e1k d\u00edja. A le nem vezetett gyakorlati \u00f3r\u00e1k visszafizet\u00e9s\u00e9t 8 munkanapon bel\u00fcl teljes\u00edti az aut\u00f3siskola. M\u00e1s befizetett d\u00edj a beiratkoz\u00e1s ut\u00e1n semmilyen indokkal nem k\u00f6vetelhet\u0151 vissza, ide \u00e9rtve az elm\u00e9leti tantermi tanfolyamra befizetett d\u00edjakat is.<\/span><\/p>\n<p><span style=\"color: #000000;\">Az iskol\u00e1nak jog\u00e1ban \u00e1ll a m\u00e9g le nem vezetett \u00f3rad\u00edjakat m\u00f3dos\u00edtani.<\/span><\/p>\n<p><span style=\"color: #000000;\">Az al\u00e1bbi jel\u00f6l\u0151 n\u00e9gyzetek bejel\u00f6l\u00e9s\u00e9vel kinyilv\u00e1n\u00edtom, hogy a T\u00e1j\u00e9koztat\u00f3 dokumentumot, \u00e9s a V\u00e1llal\u00e1si Felt\u00e9teleket elolvastam, megismertem, \u00edgy a t\u00e1voll\u00e9v\u0151k k\u00f6z\u00f6tti szerz\u0151d\u00e9sk\u00f6t\u00e9s megt\u00f6rt\u00e9nt\u00e9t elfogadom.<\/span><\/p>\n<p>&nbsp;<\/p>\n<p><span style=\"color: #000000;\">KELT: Online, D\u00e1tu5<\/span><\/p>\n<p><span style=\"color: #000000;\"><\/span><\/p>\n\n\n","protected":false},"excerpt":{"rendered":"","protected":false},"author":1,"featured_media":0,"parent":0,"menu_order":0,"comment_status":"closed","ping_status":"closed","template":"","meta":{"pagelayer_contact_templates":[],"_pagelayer_content":"","footnotes":""},"class_list":["post-252","page","type-page","status-publish","hentry"],"_links":{"self":[{"href":"https:\/\/bal1.hu\/plusz\/wp-json\/wp\/v2\/pages\/252","targetHints":{"allow":["GET"]}}],"collection":[{"href":"https:\/\/bal1.hu\/plusz\/wp-json\/wp\/v2\/pages"}],"about":[{"href":"https:\/\/bal1.hu\/plusz\/wp-json\/wp\/v2\/types\/page"}],"author":[{"embeddable":true,"href":"https:\/\/bal1.hu\/plusz\/wp-json\/wp\/v2\/users\/1"}],"replies":[{"embeddable":true,"href":"https:\/\/bal1.hu\/plusz\/wp-json\/wp\/v2\/comments?post=252"}],"version-history":[{"count":23,"href":"https:\/\/bal1.hu\/plusz\/wp-json\/wp\/v2\/pages\/252\/revisions"}],"predecessor-version":[{"id":4921,"href":"https:\/\/bal1.hu\/plusz\/wp-json\/wp\/v2\/pages\/252\/revisions\/4921"}],"wp:attachment":[{"href":"https:\/\/bal1.hu\/plusz\/wp-json\/wp\/v2\/media?parent=252"}],"curies":[{"name":"wp","href":"https:\/\/api.w.org\/{rel}","templated":true}]}}