{"id":222,"date":"2021-11-19T08:14:43","date_gmt":"2021-11-19T07:14:43","guid":{"rendered":"https:\/\/bal1.hu\/plusz\/?page_id=222"},"modified":"2025-08-31T11:31:05","modified_gmt":"2025-08-31T09:31:05","slug":"vallalasi-feltetelek","status":"publish","type":"page","link":"https:\/\/bal1.hu\/plusz\/vallalasi-feltetelek\/","title":{"rendered":"V\u00c1LLAL\u00c1SI FELT\u00c9TELEK"},"content":{"rendered":"\n\n\n\r\n<p>.<\/p>\r\n\n\n\n\n\n<p><span style=\"color: rgb(0, 0, 0); font-size: x-large;\">V\u00c1LLAL\u00c1SI FELT\u00c9TELEK<\/span><\/p>\n<p><span style=\"color: #000000;\">C\u00e9g megnevez\u00e9se: InfoCart-Team Bt.<\/span><\/p>\n<p><span style=\"color: #000000;\">Asz: 25327474-1-41 C\u00e9gjegyz\u00e9k sz\u00e1m: 01 06 789704, M\u0171k\u00f6d\u00e9si enged\u00e9ly sz\u00e1ma: KGHF\/11913-1\/2021-ITM, Feln\u0151ttk\u00e9pz\u0151 nyilv\u00e1ntart\u00e1si sz\u00e1m: B\/2021\/000972<\/span><\/p>\n<p><span style=\"color: #000000;\">Telefon: +36 (20) 517-2068, Honlap: bal1.hu, E-mail: petoattila@bal1.hu, Iskolavezet\u0151 Pet\u0151 Attila P\u00e9ter: Iskolavezet\u0151i Oklev\u00e9l sz\u00e1ma: ISK-00020\/17<\/span><\/p>\n<p><span style=\"color: #000000;\">Az \u00fcgyf\u00e9lfogad\u00f3 \u00e9s tanterem c\u00edme: 1032 Budapest, B\u00e9csi \u00fat 211. Telefon +36 (20) 517-2068<\/span><\/p>\n<p><span style=\"color: #000000;\">\u00dcgyf\u00e9lfogad\u00e1si id\u0151: kedden 14.00-t\u00f3l 19.00 \u00e9s p\u00e9nteken 14.00-t\u00f3l 19.00-\u00f3r\u00e1ig.<\/span><\/p>\n<p><span style=\"color: #000000;\">Sz\u00e9khely: 1034 Budapest, B\u00e9csi \u00fat 125. 3. emelet 18. ajt\u00f3&nbsp;+36 (20) 517-2068<\/span><\/p>\n<p><span style=\"color: #000000;\">I. A tanfolyamra t\u00f6rt\u00e9n\u0151 felv\u00e9tel felt\u00e9telei:<\/span><\/p>\n<p><span style=\"color: #000000;\">\u00b7 k\u00fcl\u00f6n jogszab\u00e1lyokban meghat\u00e1rozott eg\u00e9szs\u00e9gi (h\u00e1zi orvos \u00e1ltal ki\u00e1ll\u00edtott orvosi alkalmass\u00e1gi igazol\u00e1s), valamint a BM rendeletben meghat\u00e1rozott k\u00f6zleked\u00e9sbiztons\u00e1gi el\u0151\u00edr\u00e1soknak megfelel\u00e9s (jelentkez\u00e9si lap NYILATKOZAT rovatai)<\/span><\/p>\n<p><span style=\"color: #000000;\">\u00b7 alapfok\u00fa iskolai v\u00e9gzetts\u00e9g<\/span><\/p>\n<p><span style=\"color: #000000;\">\u00b7 17 \u00e9ves \u00e9letkorn\u00e1l legfeljebb f\u00e9l\u00e9vvel fiatalabb kor bet\u00f6lt\u00e9se<\/span><\/p>\n<p><span style=\"color: #000000;\">II. Vizsg\u00e1ra bocs\u00e1t\u00e1s felt\u00e9telei:<\/span><\/p>\n<p><span style=\"color: #000000;\">\u00b7 tanfolyamra val\u00f3 felv\u00e9tel felt\u00e9teleinek teljes\u00edt\u00e9se<\/span><\/p>\n<p><span style=\"color: #000000;\">\u00b7 az elm\u00e9leti. majd a gyakorlati oktat\u00e1s k\u00f6telez\u0151 \u00f3rasz\u00e1mainak teljes\u00edt\u00e9se, illetve az aktu\u00e1lis tand\u00edjak befizet\u00e9se: \u2013 a megfelel\u0151 \u00f6sszeg\u0171 (k\u00e9s\u0151bb r\u00e9szletezett) vizsgad\u00edj befizet\u00e9se<\/span><\/p>\n<p><span style=\"color: #000000;\">\u00b7 az elm\u00e9leti vizsg\u00e1n\u00e1l 17 \u00e9ves \u00e9letkorn\u00e1l legfeljebb h\u00e1rom h\u00f3nappal fiatalabb kor bet\u00f6lt\u00e9se<\/span><\/p>\n<p><span style=\"color: #000000;\">\u00b7 a gyakorlati vizsg\u00e1n\u00e1l 17 \u00e9ves \u00e9letkor bet\u00f6lt\u00e9se<\/span><\/p>\n<p><span style=\"color: #000000;\">III. Az els\u0151seg\u00e9lyny\u00fajt\u00f3 tanfolyamr\u00f3l:<\/span><\/p>\n<p><span style=\"color: #000000;\">A vezet\u0151i enged\u00e9ly ki\u00e1ll\u00edt\u00e1s\u00e1hoz sz\u00fcks\u00e9ges igazolni az els\u0151seg\u00e9lyny\u00fajt\u00f3 v\u00e9gzetts\u00e9get az okm\u00e1nyirod\u00e1ban.<\/span><\/p>\n<p><span style=\"color: #000000;\">Felment\u00e9st nyer a vizsga al\u00f3l, aki eg\u00e9szs\u00e9g\u00fcgyi v\u00e9gzetts\u00e9ggel rendelkezik, vagy 1984. janu\u00e1r 01. ut\u00e1n szerzett valamely j\u00e1rm\u0171kateg\u00f3ri\u00e1ban vezet\u0151i enged\u00e9lyt, vagy j\u00e1rm\u0171vezet\u0151i igazolv\u00e1nyt.<\/span><\/p>\n<p><span style=\"color: #000000;\">Els\u0151seg\u00e9ly vizsga d\u00edja 19 990 Ft, melyet a V\u00f6r\u00f6skereszt szervez\u00e9s\u00e9ben sz\u00fcks\u00e9ges int\u00e9zni \u00e9s p\u00e9nz\u00fcgyileg rendezni. A v\u00f6r\u00f6skereszt az \u00e1rv\u00e1ltoz\u00e1s jog\u00e1t fenntartja.<\/span><\/p>\n<p><span style=\"color: #000000;\">IV. A tanfolyamr\u00f3l<\/span><\/p>\n<p><span style=\"color: #000000;\">1. Elearning elm\u00e9leti oktat\u00e1s:\u201dB\u201d kateg\u00f3ria.<\/span><\/p>\n<p><span style=\"color: #000000;\">E-learning k\u00e9pz\u00e9s eset\u00e9n a Szolg\u00e1ltat\u00f3 \u00e1ltal biztos\u00edtott hozz\u00e1f\u00e9r\u00e9s id\u0151tartama a v\u00e1lasztott csomagt\u00f3l f\u00fcgg\u0151en 240 vagy 180 nap vagy, amely alatt 90 vagy 75 \u00f3r\u00e1t t\u00f6lthet a rendszerben. Ennek t\u00fall\u00e9p\u00e9se eset\u00e9n p\u00f3td\u00edj ellen\u00e9ben t\u00f6bbsz\u00f6r is alkalmank\u00e9nt 30 napon bel\u00fcl tov\u00e1bbi 10 \u00f3r\u00e1val hosszabb\u00edthat\u00f3 a hozz\u00e1f\u00e9r\u00e9s.<\/span><\/p>\n<p><span style=\"color: #000000;\">Az elm\u00e9leti e-learning tanfolyam elv\u00e9gz\u00e9se ut\u00e1n elm\u00e9leti vizsg\u00e1t kell tenni a K\u00f6zleked\u00e9si Alkalmass\u00e1gi \u00e9s Vizsgak\u00f6zpont-n\u00e1l, k\u00f6zleked\u00e9si ismeretek (KRESZ), j\u00e1rm\u0171vezet\u00e9s elm\u00e9lete, valamint szerkezeti \u00e9s \u00fczemeltet\u00e9si ismeretek tant\u00e1rgyb\u00f3l.<\/span><\/p>\n<p><span style=\"color: #000000;\">A sikeres elm\u00e9leti vizsga ut\u00e1n kezdhet\u0151 meg a gyakorlati oktat\u00e1s.<\/span><\/p>\n<p><span style=\"color: #000000;\">2. Gyakorlati oktat\u00e1s:<\/span><\/p>\n<p><span style=\"color: #000000;\">a., Alap oktat\u00e1s: A j\u00e1rm\u0171 technikai kezel\u00e9s\u00e9t, man\u0151verez\u00e9si feladatokat, valamint a j\u00e1rm\u0171 biztons\u00e1gi ellen\u0151rz\u00e9s\u00e9t kell elsaj\u00e1t\u00edtani. A j\u00e1rm\u0171kezel\u00e9si (alap-) oktat\u00e1s al\u00f3l felment\u00e9s nem adhat\u00f3.<\/span><\/p>\n<p><span style=\"color: #000000;\">b., F\u0151 oktat\u00e1s: K\u00fcl\u00f6nb\u00f6z\u0151 forgalmi k\u00f6r\u00fclm\u00e9nyek k\u00f6z\u00f6tt kell vezetni. A k\u00f6telez\u0151 \u00e9s az esetleges p\u00f3t\u00f3r\u00e1k levezet\u00e9se ut\u00e1n lehet forgalmi vizsg\u00e1t tenni.<\/span><\/p>\n<p><span style=\"color: #000000;\">K\u00f6telez\u0151 (minim\u00e1lis) \u00f3rasz\u00e1mok:<\/span><\/p>\n<p><span style=\"color: #000000;\">alapoktat\u00e1s: 9 \u00f3ra, v\u00e1rosi vezet\u00e9s: 14 \u00f3ra, orsz\u00e1g\u00fati vezet\u00e9s: 4 \u00f3ra, \u00e9jszakai vezet\u00e9s: 2 \u00f3ra, vizsg\u00e1k: 1 \u00f3ra.<\/span><\/p>\n<p><span style=\"color: #000000;\">\u00d6sszesen 30 \u00f3ra 1 vizsga\u00f3r\u00e1val. A tan\u00f3ra id\u0151tartama: 50 perc.<\/span><\/p>\n<p><span style=\"color: #000000;\">3., Tand\u00edj<\/span><\/p>\n<p><span style=\"color: #000000;\">A tand\u00edjat r\u00e9szletekben is lehet fizetni.<\/span><\/p>\n<p><span style=\"color: #000000;\">B kateg\u00f3ri\u00e1s p\u00e9nzt\u00e1rcabar\u00e1t e-learning tanfolyam 52 000,- Ft. (Alap elm\u00e9leti tanfolyam)<\/span><\/p>\n<p><span style=\"color: #000000;\">B kateg\u00f3ri\u00e1s Optimum e-learning tanfolyam 62 000,- Ft. (Alap tanfolyam + Els\u0151seg\u00e9ly tanfolyam)<\/span><\/p>\n<p><span style=\"color: #000000;\">B kateg\u00f3ri\u00e1s elm\u00e9leti e-learning oktat\u00e1s els\u0151seg\u00e9ly tanfolyammal 79 000,- Ft (Els\u0151seg\u00e9ly-ny\u00fajt\u00e1si tanfolyam, K\u00f6zleked\u00e9si ismeretek, Szerkezeti \u00e9s \u00fczemeltet\u00e9si ismeretek, J\u00e1rm\u0171vezet\u00e9s-elm\u00e9let, forgalmi vizsg\u00e1ra felk\u00e9sz\u00edt\u0151 anyag, budapesti vizsga\u00fatvonalak vide\u00f3 anyaga, parkol\u00e1sok vide\u00f3 \u00e9s anim\u00e1ci\u00f3s bemutat\u00e1sa)<\/span><\/p>\n<p><span style=\"color: #000000;\">B kateg\u00f3ri\u00e1s angol nyelv\u0171 e-learning oktat\u00e1s (Theoretical Training for Category B) 94 000,-Ft<\/span><\/p>\n<p><span style=\"color: #000000;\">Gyakorlati oktat\u00e1s<\/span><\/p>\n<p><span style=\"color: #000000;\">\u00b7 a k\u00f6telez\u0151 minimum 29 vezet\u00e9si \u00f3ra, + 1 vezet\u00e9si \u00f3ra vizsga, \u00e9s 580 levezetett km.<\/span><\/p>\n<p><span style=\"color: #000000;\">\u2013 Egy \u00f6sszegben t\u00f6rt\u00e9n\u0151, vagy r\u00e9szletfizet\u00e9s eset\u00e9n is: 11 000 Ft \/ \u00f3r\u00e1t\u00f3l<\/span><\/p>\n<p><span style=\"color: #000000;\">Tand\u00edjak a befizet\u00e9sek \u00fctemez\u00e9s\u00e9vel:<\/span><\/p>\n<p><span style=\"color: #000000;\">1. befizet\u00e9s: Beiratkoz\u00e1sn\u00e1l a v\u00e1lasztott elm\u00e9leti csomagnak megadott el\u0151leg,<\/span><\/p>\n<p><span style=\"color: #000000;\">Tov\u00e1bbi r\u00e9szletek: Gyakorlati oktat\u00e1si \u00f3rad\u00edjak 10 \u00f3r\u00e1nk\u00e9nt is fizethet\u0151k<\/span><\/p>\n<p><span style=\"color: #000000;\">Gyakorlati oktat\u00e1s \u00f3rad\u00edja 10 \u00f3r\u00e1nk\u00e9nt el\u0151re fizetend\u0151 az aut\u00f3siskola ir\u00e1ny\u00e1ba, melyr\u0151l az aut\u00f3siskola \u00e1ll\u00edtja ki a sz\u00e1ml\u00e1t. P\u00f3t\u00f3r\u00e1kn\u00e1l a befizet\u00e9s t\u00f6rt\u00e9nhet alkalmank\u00e9nt is.<\/span><\/p>\n<p><span style=\"color: #000000;\">A k\u00f6lts\u00e9gek emelked\u00e9s\u00e9vel az \u00e1rv\u00e1ltoztat\u00e1s jog\u00e1t fenntartjuk!<\/span><\/p>\n<p><span style=\"color: #000000;\">4., Az oktat\u00e1s helysz\u00ednei:<\/span><\/p>\n<p><span style=\"color: #000000;\">Elm\u00e9leti oktat\u00e1s: E-learning form\u00e1ban, online.<\/span><\/p>\n<p><span style=\"color: #000000;\">Elearning tanfolyamon r\u00e9sztvev\u0151k k\u00e9rhetnek szem\u00e9lyes konzult\u00e1ci\u00f3t a tananyaggal kapcsolatban!<\/span><\/p>\n<p><span style=\"color: #000000;\">Konzult\u00e1ci\u00f3 helysz\u00edne: 1032 Budapest, B\u00e9csi \u00fat 211.<\/span><\/p>\n<p><span style=\"color: #000000;\">J\u00e1rm\u0171kezel\u00e9si oktat\u00e1s, valamint forgalmi vizsga indul\u00e1si helye: 1033 Bp. Mozaik utca 5, vagy a Duna Plaza k\u00fcls\u0151 parkol\u00f3 vizsgap\u00e1lya.<\/span><\/p>\n<p><span style=\"color: #000000;\">V. A vizsgad\u00edjakr\u00f3l<\/span><\/p>\n<p><span style=\"color: #000000;\">Elm\u00e9leti vizsga: 4.600 Ft, Forgalmi vizsga: 11.000 Ft.<\/span><\/p>\n<p><span style=\"color: #000000;\">Vizsga \u00fcgyint\u00e9z\u00e9s adminisztr\u00e1ci\u00f3 d\u00edj felsz\u00e1m\u00edthat\u00f3.<\/span><\/p>\n<p><span style=\"color: #000000;\">Ezeket a d\u00edjakat az aut\u00f3siskola ir\u00e1ny\u00e1ban sz\u00fcks\u00e9ges sz\u00e1mla ellen\u00e9benmegfizetni.<\/span><\/p>\n<p><span style=\"color: #000000;\">Els\u0151seg\u00e9ly vizsgad\u00edj 19 990,-Ft. Ezt az \u00f6sszeget a V\u00f6r\u00f6skereszt fel\u00e9 sz\u00fcks\u00e9ges befizetni, nem tartozik a tanfolyam k\u00f6lts\u00e9gei k\u00f6z\u00e9. Az els\u0151seg\u00e9ly vizsga \u00f6sszeg\u00e9n, a V\u00f6r\u00f6skereszt indokl\u00e1s n\u00e9lk\u00fcl v\u00e1ltoztathat!<\/span><\/p>\n<p><span style=\"color: #000000;\">VI. V\u00e1llal\u00e1si felt\u00e9telek<\/span><\/p>\n<p><span style=\"color: #000000;\">Az iskola k\u00f6teless\u00e9gei<\/span><\/p>\n<p><span style=\"color: #000000;\">\u00b7 a tanul\u00f3 seg\u00edt\u00e9se a teljes k\u00e9pz\u00e9s sor\u00e1n<\/span><\/p>\n<p><span style=\"color: #000000;\">\u00b7 a jelentkez\u00e9ssel kapcsolatos teend\u0151k ismertet\u00e9se a tanul\u00f3 beiskol\u00e1z\u00e1sa<\/span><\/p>\n<p><span style=\"color: #000000;\">\u00b7 az elm\u00e9leti tanfolyam szakszer\u0171 megtart\u00e1sa<\/span><\/p>\n<p><span style=\"color: #000000;\">\u00b7 az iskola kapacit\u00e1s\u00e1nak f\u00fcggv\u00e9ny\u00e9ben a tanul\u00f3 j\u00e1rm\u0171vezet\u00e9sre val\u00f3 beoszt\u00e1sa \u00e9s gyakorlati oktat\u00e1s\u00e1nak megkezd\u00e9se<\/span><\/p>\n<p><span style=\"color: #000000;\">\u00b7 a gyakorlati k\u00e9pz\u00e9s szakszer\u0171 megtart\u00e1sa<\/span><\/p>\n<p><span style=\"color: #000000;\">\u00b7 a tanul\u00f3val kapcsolatos k\u00e9pz\u00e9si \u00fcgyek int\u00e9z\u00e9se (k\u00e9pz\u00e9s, vizsg\u00e1ztat\u00e1s, \u00e1thelyez\u00e9s stb.)<\/span><\/p>\n<p><span style=\"color: #000000;\">\u00b7 a tanul\u00f3 id\u0151beni t\u00e1j\u00e9koztat\u00e1sa (pl.: vizsgaid\u0151pontok)<\/span><\/p>\n<p><span style=\"color: #000000;\">Az iskola jogai:<\/span><\/p>\n<p><span style=\"color: #000000;\">\u00b7 a tanul\u00f3 k\u00f6teless\u00e9geinek betartat\u00e1sa.<\/span><\/p>\n<p><span style=\"color: #000000;\">\u00b7 nem megfelel\u0151 viselked\u00e9s \u00e9s a tanul\u00f3i k\u00f6teless\u00e9gek nem teljes\u00edt\u00e9se eset\u00e9n a tanul\u00f3 figyelmeztet\u00e9se, s\u00falyosabb esetekben a k\u00e9pz\u00e9s megtagad\u00e1sa (ittass\u00e1g, rendbont\u00e1s. az oktat\u00e1shoz nem megfelel\u0151 ruh\u00e1zat \u00e9s \u00e1llapot stb.)<\/span><\/p>\n<p><span style=\"color: #000000;\">A tanul\u00f3 k\u00f6teless\u00e9gei:<\/span><\/p>\n<p><span style=\"color: #000000;\">\u00b7 r\u00e9szv\u00e9tel az \u00f6sszes elm\u00e9leti foglalkoz\u00e1son (hi\u00e1nyz\u00e1s eset\u00e9n az adott foglalkoz\u00e1s p\u00f3tl\u00e1sa)<\/span><\/p>\n<p><span style=\"color: #000000;\">\u00b7 felk\u00e9sz\u00fcl\u00e9s az elm\u00e9leti vizsg\u00e1kra<\/span><\/p>\n<p><span style=\"color: #000000;\">\u00b7 pontos \u00e9s a vezet\u00e9shez megfelel\u0151 megjelen\u00e9s a gyakorlati vizsg\u00e1kon \u00e9s a gyakorlati \u00f3r\u00e1kon. A 20 percet meghalad\u00f3 k\u00e9s\u00e9s, vagy hi\u00e1nyz\u00e1s \u00e9s 24 \u00f3r\u00e1n bel\u00fcl lemondott hi\u00e1nyz\u00e1s eset\u00e9n az oktat\u00f3 \u201cNem jelent meg\u201d bejegyz\u00e9ssel r\u00f6gz\u00edti a t\u00e9nyt a vezet\u00e9si kartonba. Az \u00edgy elmaradt vezet\u00e9si alkalom megfizetend\u0151! A k\u00f6telez\u0151 \u00f3rasz\u00e1mok levezet\u00e9s\u00e9ig az elmaradt vezet\u00e9si alkalmat p\u00f3tolni kell!<\/span><\/p>\n<p><span style=\"color: #000000;\">A tanul\u00f3 jogai:<\/span><\/p>\n<p><span style=\"color: #000000;\">\u00b7 az iskola v\u00e1llalt k\u00f6teless\u00e9geinek sz\u00e1monk\u00e9r\u00e9se (a k\u00f6teless\u00e9gek nem teljes\u00edt\u00e9se eset\u00e9n a tanul\u00f3 az iskolavezet\u0151h\u00f6z fordulhat, ha \u00edgy sem kap megfelel\u0151 jogorvosl\u00e1st, akkor az illet\u00e9kes fel\u00fcgyeleti szervhez)<\/span><\/p>\n<p><span style=\"color: #000000;\">VII. Egy\u00e9b fontos tudnival\u00f3k:<\/span><\/p>\n<p><span style=\"color: #000000;\">\u00b7 A tanfolyam megkezd\u00e9s\u00e9t\u0151l sz\u00e1m\u00edtott kilenc h\u00f3napon bel\u00fcl meg kell t\u00f6rt\u00e9nni az els\u0151 elm\u00e9leti vizsga esem\u00e9nynek, \u00e9s tizenk\u00e9t h\u00f3napon bel\u00fcl sikeres elm\u00e9leti vizsg\u00e1t kell tennie a tanul\u00f3nak.<\/span><\/p>\n<p><span style=\"color: #000000;\">\u00b7 A sikeres elm\u00e9leti vizsg\u00e1t\u00f3l sz\u00e1m\u00edtott k\u00e9t \u00e9ven bel\u00fcl az \u00f6sszes vizsg\u00e1t le kell tenni.<\/span><\/p>\n<p><span style=\"color: #000000;\">\u00b7 \u00d6t sikertelen forgalmi vizsga ut\u00e1n P\u00c1V vizsg\u00e1laton sz\u00fcks\u00e9ges r\u00e9sztvenni, melynek eredm\u00e9nyess\u00e9g\u00e9t\u0151l f\u00fcgg a tov\u00e1bbi gyakorl\u00e1s lehet\u0151s\u00e9ge.<\/span><\/p>\n<p><span style=\"color: #000000;\">Szakfel\u00fcgyeleti szerv: KAV Nonprofit Kft. K\u00f6zleked\u00e9si Alkalmass\u00e1gi \u00e9s Vizsgak\u00f6zpont (1119 Bp., Petzv\u00e1l J\u00f3zsef u. 39.) Telefon: 06-1-371-3030 \/&nbsp;Lev\u00e9lc\u00edm: 1507 Bp. 117 Pf.: 5<\/span><\/p>\n<p><span style=\"color: #000000;\"><\/span><\/p>\n\n\n","protected":false},"excerpt":{"rendered":"","protected":false},"author":1,"featured_media":0,"parent":0,"menu_order":0,"comment_status":"closed","ping_status":"closed","template":"","meta":{"pagelayer_contact_templates":[],"_pagelayer_content":"","footnotes":""},"class_list":["post-222","page","type-page","status-publish","hentry"],"_links":{"self":[{"href":"https:\/\/bal1.hu\/plusz\/wp-json\/wp\/v2\/pages\/222","targetHints":{"allow":["GET"]}}],"collection":[{"href":"https:\/\/bal1.hu\/plusz\/wp-json\/wp\/v2\/pages"}],"about":[{"href":"https:\/\/bal1.hu\/plusz\/wp-json\/wp\/v2\/types\/page"}],"author":[{"embeddable":true,"href":"https:\/\/bal1.hu\/plusz\/wp-json\/wp\/v2\/users\/1"}],"replies":[{"embeddable":true,"href":"https:\/\/bal1.hu\/plusz\/wp-json\/wp\/v2\/comments?post=222"}],"version-history":[{"count":14,"href":"https:\/\/bal1.hu\/plusz\/wp-json\/wp\/v2\/pages\/222\/revisions"}],"predecessor-version":[{"id":4342,"href":"https:\/\/bal1.hu\/plusz\/wp-json\/wp\/v2\/pages\/222\/revisions\/4342"}],"wp:attachment":[{"href":"https:\/\/bal1.hu\/plusz\/wp-json\/wp\/v2\/media?parent=222"}],"curies":[{"name":"wp","href":"https:\/\/api.w.org\/{rel}","templated":true}]}}