{"id":1935,"date":"2023-07-15T18:51:26","date_gmt":"2023-07-15T16:51:26","guid":{"rendered":"https:\/\/bal1.hu\/plusz\/?page_id=1935"},"modified":"2025-09-21T15:49:05","modified_gmt":"2025-09-21T13:49:05","slug":"beiratkozas","status":"publish","type":"page","link":"https:\/\/bal1.hu\/plusz\/beiratkozas\/","title":{"rendered":"Beiratkoz\u00e1s"},"content":{"rendered":"\n\n\n<p style=\"text-align: left;\"><img loading=\"lazy\" decoding=\"async\" class=\"alignleft wp-image-65\" src=\"https:\/\/bal1.hu\/plusz\/wp-content\/uploads\/2021\/11\/cropped-kerek_bal1_hu_jogsi-e1637182203411.png\" alt=\"\" width=\"50\" height=\"47\"><span style=\"color: #000000;\"><a href=\"https:\/\/bal1.hu\/plusz\/szerzodes-b-kategorias-e-learning-tanfolyamra\/\"><span style=\"color: rgb(0, 0, 0);\">B kateg\u00f3ria P\u00e9nzt\u00e1rcabar\u00e1t e-learning tanfolyam 52 000,- Ft <\/span>&gt; Online BEIRATKOZ\u00c1S &lt;<\/a><\/span><span style=\"color: #000000;\"><a style=\"color: #000000;\" href=\"https:\/\/bal1.hu\/plusz\/szerzodes-b-kategorias-e-learning-tanfolyamra\/\"><\/a><\/span><\/p>\n<span style=\"color: #000000;\"><a style=\"color: #000000;\" href=\"https:\/\/etitan.hu\/site\/hu\/WebReg\/IskolaiRegisztracio?azonosito=ExQcgQxvXESyXx8Aumn88A\"><img loading=\"lazy\" decoding=\"async\" class=\"alignleft wp-image-65\" src=\"https:\/\/bal1.hu\/plusz\/wp-content\/uploads\/2021\/11\/cropped-kerek_bal1_hu_jogsi-e1637182203411.png\" alt=\"\" width=\"50\" height=\"47\"><\/a><\/span><a href=\"https:\/\/bal1.hu\/plusz\/szerzodes-b-kategorias-e-learning-tanfolyamra\/\"><span style=\"color: rgb(0, 0, 0);\"><span style=\"color:#000000;\">B kateg\u00f3ria Optimum e-learning tanfolyam els\u0151seg\u00e9ly tananyaggal 62 000,- Ft <\/span>&gt; <\/span><span style=\"color:#f06666;\"><span style=\"\">Online BEIRATKOZ\u00c1S &lt;<\/span>&nbsp; &nbsp;<\/span><\/a>\n<p><span style=\"color: #000000;\"><a style=\"color: #000000;\" href=\"https:\/\/etitan.hu\/site\/hu\/WebReg\/IskolaiRegisztracio?azonosito=ExQcgQxvXESyXx8Aumn88A\"><img loading=\"lazy\" decoding=\"async\" class=\"alignleft wp-image-65\" src=\"https:\/\/bal1.hu\/plusz\/wp-content\/uploads\/2021\/11\/cropped-kerek_bal1_hu_jogsi-e1637182203411.png\" alt=\"\" width=\"50\" height=\"47\"><\/a><\/span>&nbsp;<\/p><ul>\n \t<li><a href=\"https:\/\/bal1.hu\/plusz\/szerzodes-b-kategorias-e-learning-tanfolyamra\/\"><span style=\"color: rgb(0, 0, 0); transition-property: all;\"><span style=\"color:#000000;\">B kateg\u00f3ria Teljes e-learning tanfolyam 79 000,- Ft&nbsp;<\/span><\/span>&gt; Online BEIRATKOZ\u00c1S &lt;<\/a><\/li><\/ul>\n<span style=\"color: #000000;\"><a style=\"color: #000000;\" href=\"https:\/\/etitan.hu\/site\/hu\/WebReg\/IskolaiRegisztracio?azonosito=ExQcgQxvXESyXx8Aumn88A\"><img loading=\"lazy\" decoding=\"async\" class=\"alignleft wp-image-65\" src=\"https:\/\/bal1.hu\/plusz\/wp-content\/uploads\/2021\/11\/cropped-kerek_bal1_hu_jogsi-e1637182203411.png\" alt=\"\" width=\"50\" height=\"47\"><\/a><\/span><a href=\"https:\/\/beiratkozas.hu\/jogsi\/enrolling-eng\/\"><span style=\"color: rgb(0, 0, 0);\"><span style=\"color:#000000;\">Theory course for category &#8222;B&#8221; 94 000,- Ft <\/span>&gt; <\/span><span style=\"color:#f06666;\"><span style=\"\">Online BEIRATKOZ\u00c1S &lt;<\/span>&nbsp; &nbsp; &nbsp;<\/span><\/a>\n<span style=\"color: #000000;\"><a href=\"https:\/\/beiratkozas.hu\/jogsi\/\"><img loading=\"lazy\" decoding=\"async\" class=\"alignleft wp-image-65\" src=\"https:\/\/bal1.hu\/plusz\/wp-content\/uploads\/2021\/11\/cropped-kerek_bal1_hu_jogsi-e1637182203411.png\" alt=\"\" width=\"50\" height=\"47\"><\/a><\/span><a href=\"https:\/\/bal1.hu\/plusz\/szerzodes-b-kategorias-e-learning-tanfolyamra\/\"><span style=\"color: rgb(0, 0, 0);\"><span style=\"color:#000000;\">\u00c1tiratkoz\u00e1s m\u00e1s aut\u00f3siskol\u00e1b\u00f3l 30 000,- Ft<\/span> <span style=\"color:#f06666;\">&gt; Online BEIRATKOZ\u00c1S &lt;<\/span>&nbsp;<\/span><span style=\"color: rgb(0, 0, 0);\">Kiz\u00e1r\u00f3lag el\u0151zetes egyeztet\u00e9st k\u00f6vet\u0151en!&nbsp;<\/span><span style=\"color: rgb(0, 0, 0);\">Tel: +36205172068 <\/span><span style=\"color: rgb(0, 0, 0);\">E-mail: info@bal1.hu<\/span>&nbsp; &nbsp;<\/a>\n<p><span style=\"color: #000000;\"><a style=\"color: #000000;\" href=\"https:\/\/etitan.hu\/site\/hu\/WebReg\/IskolaiRegisztracio?azonosito=ExQcgQxvXESyXx8Aumn88A\"><img loading=\"lazy\" decoding=\"async\" class=\"alignleft wp-image-65\" src=\"https:\/\/bal1.hu\/plusz\/wp-content\/uploads\/2021\/11\/cropped-kerek_bal1_hu_jogsi-e1637182203411.png\" alt=\"\" width=\"50\" height=\"47\"><\/a><\/span><a href=\"https:\/\/etitan.hu\/site\/hu\/WebRegKieg?azonosito=ExQcgQxvXESyXx8Aumn88A\"><span style=\"font-family: &quot;Times New Roman&quot;; font-size: 16px; font-style: normal; font-variant-ligatures: normal; font-variant-caps: normal; font-weight: 400; color: rgb(0, 0, 0);\"><span style=\"color:#000000;\">Kieg\u00e9sz\u00edt\u0151 k\u00e9pz\u00e9sek&nbsp; <\/span><span style=\"color:#f06666;\"><span style=\"\">&gt;&nbsp;<\/span>Online BEIRATKOZ\u00c1S&nbsp;&lt;&nbsp;<\/span><\/span><span style=\"color: rgb(0, 0, 0);\">E\u00dc &#8211; \u00c9LETMENT\u00c9S \/ Eg\u00e9szs\u00e9g\u00fcgy \u00e9s \u00c9letment\u00e9s gyakorlati vizsg\u00e1ra felk\u00e9sz\u00edt\u0151 tananyag 13 000,- Ft&nbsp;&nbsp;<\/span><span style=\"color: rgb(0, 0, 0);\">KRESZ VIZSGAFELK\u00c9SZ\u00cdT\u00c9S \/ Tantermi tanfolyamhoz \u00e9s ut\u00e1nk\u00e9pz\u00e9shez, gyakorl\u00e1shoz, elm\u00e9leti KRESZ vizsgafelk\u00e9sz\u00edt\u0151 alkalmaz\u00e1sok 14 000- Forintt\u00f3l &#8211; 38 000, Forintig<\/span><\/a><\/p>\n\n\n\n\n\n\n","protected":false},"excerpt":{"rendered":"","protected":false},"author":1,"featured_media":0,"parent":0,"menu_order":0,"comment_status":"closed","ping_status":"closed","template":"","meta":{"pagelayer_contact_templates":[],"_pagelayer_content":"","footnotes":""},"class_list":["post-1935","page","type-page","status-publish","hentry"],"_links":{"self":[{"href":"https:\/\/bal1.hu\/plusz\/wp-json\/wp\/v2\/pages\/1935","targetHints":{"allow":["GET"]}}],"collection":[{"href":"https:\/\/bal1.hu\/plusz\/wp-json\/wp\/v2\/pages"}],"about":[{"href":"https:\/\/bal1.hu\/plusz\/wp-json\/wp\/v2\/types\/page"}],"author":[{"embeddable":true,"href":"https:\/\/bal1.hu\/plusz\/wp-json\/wp\/v2\/users\/1"}],"replies":[{"embeddable":true,"href":"https:\/\/bal1.hu\/plusz\/wp-json\/wp\/v2\/comments?post=1935"}],"version-history":[{"count":75,"href":"https:\/\/bal1.hu\/plusz\/wp-json\/wp\/v2\/pages\/1935\/revisions"}],"predecessor-version":[{"id":4889,"href":"https:\/\/bal1.hu\/plusz\/wp-json\/wp\/v2\/pages\/1935\/revisions\/4889"}],"wp:attachment":[{"href":"https:\/\/bal1.hu\/plusz\/wp-json\/wp\/v2\/media?parent=1935"}],"curies":[{"name":"wp","href":"https:\/\/api.w.org\/{rel}","templated":true}]}}