{"id":193,"date":"2021-11-18T20:49:16","date_gmt":"2021-11-18T19:49:16","guid":{"rendered":"https:\/\/bal1.hu\/plusz\/?page_id=193"},"modified":"2025-09-06T16:53:34","modified_gmt":"2025-09-06T14:53:34","slug":"magamrol","status":"publish","type":"page","link":"https:\/\/bal1.hu\/plusz\/magamrol\/","title":{"rendered":"MAGAMR\u00d3L"},"content":{"rendered":"\n\n\n<p style=\"text-align: center;\"><span style=\"color:#000000;\"><span style=\"font-size:x-large;\">Pet\u0151 Attila P\u00e9ter &#8211; A BAL1 Aut\u00f3siskola vezet\u0151jek\u00e9nt \u00edrtam ezt a bemutatkoz\u00f3t.-<\/span><\/span><\/p>\n<span style=\"color:#000000;\">\n<\/span>\n<span style=\"color:#000000;\">Oktat\u00f3i v\u00e9gzetts\u00e9geimet (j\u00e1rm\u0171vezet\u00e9si gyakorlat, m\u0171szaki ismeretek, k\u00f6zleked\u00e9si ismeretek oktat\u00e1sa) az 1990-es \u00e9vek legelej\u00e9n szereztem. Oktattam, kicsit elragadott az aut\u00f3sport is, \u00e9s a ment\u0151z\u00e9s is.\n<\/span>\n<span style=\"color:#000000;\">\n<\/span>\n<span style=\"color:#000000;\">Nagyon hamar r\u00e1 kellett j\u00f6nn\u00f6m, hogy m\u00e1st jelent j\u00f3l vezetni \u00e9s m\u00e1st j\u00f3l k\u00f6zlekedni. K\u00f6z\u00faton j\u00f3l j\u00f6hetnek bizonyos esetekben a technikai mesterfog\u00e1sok, de az el\u0151rel\u00e1t\u00e1s, a k\u00f6zleked\u00e9si dinamika ismerete \u00e9s haszn\u00e1lata, a magabiztos szab\u00e1lyismeret \u00e9s -alkalmaz\u00e1s az, ami n\u00e9lk\u00fcl m\u00e9g az aut\u00f3versenyz\u0151k is hib\u00e1zhatnak a forgalomban! <\/span>\n<span style=\"color:#000000;\"><br><\/span>\n<span style=\"color:#000000;\">C\u00e9lom, hogy az elm\u00e9leti tanfolyamot k\u00f6vet\u0151en, a gyakorl\u00f3 oktat\u00e1si \u00f3r\u00e1k v\u00e9g\u00e9n, majd a sikeres forgalmi vizsg\u00e1t k\u00f6vet\u0151en is tan\u00edtv\u00e1nyaim fesz\u00fclts\u00e9gmentesen, siker\u00e9lm\u00e9nyekkel sz\u00e1lljanak ki a \u201cbal 1\u201d-b\u0151l, \u00e9s k\u00e9szen \u00e1lljanak az \u00f6n\u00e1ll\u00f3, balesetmentes vezet\u00e9sre.\n<\/span>\n<span style=\"color:#000000;\">\n<\/span>\n<span style=\"color:#000000;\">2021-ben a szakoktat\u00e1si tev\u00e9kenys\u00e9gem mellett megalap\u00edtottam a BAL1 AUT\u00d3SISKOL\u00c1T, annak rem\u00e9ny\u00e9ben, hogy az \u00e1ltalam k\u00e9pviselt aut\u00f3z\u00e1st, k\u00f6zleked\u00e9st mint \u00e9rt\u00e9ket min\u00e9l sz\u00e9lesebb k\u00f6rben terjeszthessem\u2026<\/span>\n<span style=\"color:#000000;\">\n\n<\/span><img fetchpriority=\"high\" decoding=\"async\" class=\"aligncenter size-large wp-image-825\" src=\"https:\/\/bal1.hu\/plusz\/wp-content\/uploads\/2022\/05\/peugeot2008-1024x474.jpg\" alt=\"\" width=\"678\" height=\"314\" srcset=\"https:\/\/bal1.hu\/plusz\/wp-content\/uploads\/2022\/05\/peugeot2008-1024x474.jpg 1024w, https:\/\/bal1.hu\/plusz\/wp-content\/uploads\/2022\/05\/peugeot2008-600x278.jpg 600w, https:\/\/bal1.hu\/plusz\/wp-content\/uploads\/2022\/05\/peugeot2008-300x139.jpg 300w, https:\/\/bal1.hu\/plusz\/wp-content\/uploads\/2022\/05\/peugeot2008-768x355.jpg 768w, https:\/\/bal1.hu\/plusz\/wp-content\/uploads\/2022\/05\/peugeot2008.jpg 1280w\" sizes=\"(max-width: 678px) 100vw, 678px\">\n<p style=\"color: rgb(0, 0, 0); text-align: center;\">Ahogy telik az id\u0151, egyre nagyobb az ig\u00e9ny, az automata v\u00e1lt\u00f3s aut\u00f3k ir\u00e1nt. A Bal1 Aut\u00f3siskol\u00e1ban jelenleg 3 oktat\u00f3nk oktat ilyen g\u00e9pj\u00e1rm\u0171vel. Ebb\u0151l az egyik egy tiszt\u00e1n elektromos meghajt\u00e1s\u00fa Tesla.<\/p>\n<p>\n<\/p>\n\n\n\n\n\n\n\n","protected":false},"excerpt":{"rendered":"","protected":false},"author":1,"featured_media":0,"parent":0,"menu_order":0,"comment_status":"closed","ping_status":"closed","template":"","meta":{"pagelayer_contact_templates":[],"_pagelayer_content":"","footnotes":""},"class_list":["post-193","page","type-page","status-publish","hentry"],"_links":{"self":[{"href":"https:\/\/bal1.hu\/plusz\/wp-json\/wp\/v2\/pages\/193","targetHints":{"allow":["GET"]}}],"collection":[{"href":"https:\/\/bal1.hu\/plusz\/wp-json\/wp\/v2\/pages"}],"about":[{"href":"https:\/\/bal1.hu\/plusz\/wp-json\/wp\/v2\/types\/page"}],"author":[{"embeddable":true,"href":"https:\/\/bal1.hu\/plusz\/wp-json\/wp\/v2\/users\/1"}],"replies":[{"embeddable":true,"href":"https:\/\/bal1.hu\/plusz\/wp-json\/wp\/v2\/comments?post=193"}],"version-history":[{"count":13,"href":"https:\/\/bal1.hu\/plusz\/wp-json\/wp\/v2\/pages\/193\/revisions"}],"predecessor-version":[{"id":4699,"href":"https:\/\/bal1.hu\/plusz\/wp-json\/wp\/v2\/pages\/193\/revisions\/4699"}],"wp:attachment":[{"href":"https:\/\/bal1.hu\/plusz\/wp-json\/wp\/v2\/media?parent=193"}],"curies":[{"name":"wp","href":"https:\/\/api.w.org\/{rel}","templated":true}]}}